{"id":623,"date":"2022-04-27T16:47:13","date_gmt":"2022-04-27T14:47:13","guid":{"rendered":"https:\/\/www.versoverde.it\/?page_id=623"},"modified":"2022-12-06T11:40:23","modified_gmt":"2022-12-06T10:40:23","slug":"bicyclette","status":"publish","type":"page","link":"https:\/\/www.versoverde.it\/fr\/experiences\/bicyclette\/","title":{"rendered":"Bicyclette"},"content":{"rendered":"<p style=\"text-align: center\">\u00c0 l&rsquo;h\u00f4tel, vous pouvez louer nos v\u00e9los vintage pour explorer le Naviglio Grande et la piste cyclable Milan-Ticino,<\/p>\n<p style=\"text-align: center\">qui m\u00e8ne du Naviglio Grande hors de la ville vers la belle campagne lombarde.<\/p>\n<p style=\"text-align: center\">Un parcours relaxant et paisible le long du Naviglio m\u00e8ne \u00e0 la d\u00e9couverte d&rsquo;anciens villages ruraux.<\/p>\n","protected":false},"excerpt":{"rendered":"<p>\u00c0 l&rsquo;h\u00f4tel, vous pouvez louer nos v\u00e9los vintage pour explorer le Naviglio Grande et la piste cyclable Milan-Ticino, qui m\u00e8ne du Naviglio Grande hors de la ville vers la belle campagne lombarde. Un parcours relaxant et paisible le long du Naviglio m\u00e8ne \u00e0 la d\u00e9couverte d&rsquo;anciens villages ruraux.<\/p>\n","protected":false},"author":13,"featured_media":0,"parent":621,"menu_order":10,"comment_status":"closed","ping_status":"closed","template":"","meta":{"footnotes":""},"class_list":["post-623","page","type-page","status-publish","hentry"],"yoast_head":"<!-- This site is optimized with the Yoast SEO plugin v26.9 - https:\/\/yoast.com\/product\/yoast-seo-wordpress\/ -->\n<title>Bicyclette &#8226; Verso Verde Milano &#8226;<\/title>\n<meta name=\"description\" content=\"\u00c0 l&#039;h\u00f4tel, vous pouvez louer nos v\u00e9los vintage pour explorer le Naviglio Grande et la piste cyclable Milan-Ticino, qui m\u00e8ne du Naviglio Grande hors de la ville vers la belle campagne lombarde. Un parcours relaxant et paisible le long du Naviglio m\u00e8ne \u00e0 la d\u00e9couverte d&#039;anciens villages ruraux..\" \/>\n<meta name=\"robots\" content=\"index, follow, max-snippet:-1, max-image-preview:large, max-video-preview:-1\" \/>\n<link rel=\"canonical\" href=\"https:\/\/www.versoverde.it\/fr\/experiences\/bicyclette\/\" \/>\n<meta property=\"og:locale\" content=\"fr_FR\" \/>\n<meta property=\"og:type\" content=\"article\" \/>\n<meta property=\"og:title\" content=\"Bicyclette &#8226; Verso Verde Milano &#8226;\" \/>\n<meta property=\"og:description\" content=\"\u00c0 l&#039;h\u00f4tel, vous pouvez louer nos v\u00e9los vintage pour explorer le Naviglio Grande et la piste cyclable Milan-Ticino, qui m\u00e8ne du Naviglio Grande hors de la ville vers la belle campagne lombarde. Un parcours relaxant et paisible le long du Naviglio m\u00e8ne \u00e0 la d\u00e9couverte d&#039;anciens villages ruraux..\" \/>\n<meta property=\"og:url\" content=\"https:\/\/www.versoverde.it\/fr\/experiences\/bicyclette\/\" \/>\n<meta property=\"og:site_name\" content=\"Verso Verde Milano\" \/>\n<meta property=\"article:modified_time\" content=\"2022-12-06T10:40:23+00:00\" \/>\n<meta name=\"twitter:card\" content=\"summary_large_image\" \/>\n<script type=\"application\/ld+json\" class=\"yoast-schema-graph\">{\"@context\":\"https:\/\/schema.org\",\"@graph\":[{\"@type\":\"WebPage\",\"@id\":\"https:\/\/www.versoverde.it\/fr\/experiences\/bicyclette\/\",\"url\":\"https:\/\/www.versoverde.it\/fr\/experiences\/bicyclette\/\",\"name\":\"Bicyclette &#8226; Verso Verde Milano &#8226;\",\"isPartOf\":{\"@id\":\"https:\/\/www.versoverde.it\/fr\/#website\"},\"datePublished\":\"2022-04-27T14:47:13+00:00\",\"dateModified\":\"2022-12-06T10:40:23+00:00\",\"description\":\"\u00c0 l'h\u00f4tel, vous pouvez louer nos v\u00e9los vintage pour explorer le Naviglio Grande et la piste cyclable Milan-Ticino, qui m\u00e8ne du Naviglio Grande hors de la ville vers la belle campagne lombarde. Un parcours relaxant et paisible le long du Naviglio m\u00e8ne \u00e0 la d\u00e9couverte d'anciens villages ruraux. .\",\"breadcrumb\":{\"@id\":\"https:\/\/www.versoverde.it\/fr\/experiences\/bicyclette\/#breadcrumb\"},\"inLanguage\":\"fr-FR\",\"potentialAction\":[{\"@type\":\"ReadAction\",\"target\":[\"https:\/\/www.versoverde.it\/fr\/experiences\/bicyclette\/\"]}]},{\"@type\":\"BreadcrumbList\",\"@id\":\"https:\/\/www.versoverde.it\/fr\/experiences\/bicyclette\/#breadcrumb\",\"itemListElement\":[{\"@type\":\"ListItem\",\"position\":1,\"name\":\"Home\",\"item\":\"https:\/\/www.versoverde.it\/fr\/\"},{\"@type\":\"ListItem\",\"position\":2,\"name\":\"Exp\u00e9riences\",\"item\":\"https:\/\/www.versoverde.it\/fr\/experiences\/\"},{\"@type\":\"ListItem\",\"position\":3,\"name\":\"Bicyclette\"}]},{\"@type\":\"WebSite\",\"@id\":\"https:\/\/www.versoverde.it\/fr\/#website\",\"url\":\"https:\/\/www.versoverde.it\/fr\/\",\"name\":\"Verso Verde Milano\",\"description\":\"Ecco un altro sito ms.decms.eu\",\"potentialAction\":[{\"@type\":\"SearchAction\",\"target\":{\"@type\":\"EntryPoint\",\"urlTemplate\":\"https:\/\/www.versoverde.it\/fr\/?s={search_term_string}\"},\"query-input\":{\"@type\":\"PropertyValueSpecification\",\"valueRequired\":true,\"valueName\":\"search_term_string\"}}],\"inLanguage\":\"fr-FR\"}]}<\/script>\n<!-- \/ Yoast SEO plugin. -->","yoast_head_json":{"title":"Bicyclette &#8226; Verso Verde Milano &#8226;","description":"\u00c0 l'h\u00f4tel, vous pouvez louer nos v\u00e9los vintage pour explorer le Naviglio Grande et la piste cyclable Milan-Ticino, qui m\u00e8ne du Naviglio Grande hors de la ville vers la belle campagne lombarde. Un parcours relaxant et paisible le long du Naviglio m\u00e8ne \u00e0 la d\u00e9couverte d'anciens villages ruraux..","robots":{"index":"index","follow":"follow","max-snippet":"max-snippet:-1","max-image-preview":"max-image-preview:large","max-video-preview":"max-video-preview:-1"},"canonical":"https:\/\/www.versoverde.it\/fr\/experiences\/bicyclette\/","og_locale":"fr_FR","og_type":"article","og_title":"Bicyclette &#8226; Verso Verde Milano &#8226;","og_description":"\u00c0 l'h\u00f4tel, vous pouvez louer nos v\u00e9los vintage pour explorer le Naviglio Grande et la piste cyclable Milan-Ticino, qui m\u00e8ne du Naviglio Grande hors de la ville vers la belle campagne lombarde. Un parcours relaxant et paisible le long du Naviglio m\u00e8ne \u00e0 la d\u00e9couverte d'anciens villages ruraux..","og_url":"https:\/\/www.versoverde.it\/fr\/experiences\/bicyclette\/","og_site_name":"Verso Verde Milano","article_modified_time":"2022-12-06T10:40:23+00:00","twitter_card":"summary_large_image","schema":{"@context":"https:\/\/schema.org","@graph":[{"@type":"WebPage","@id":"https:\/\/www.versoverde.it\/fr\/experiences\/bicyclette\/","url":"https:\/\/www.versoverde.it\/fr\/experiences\/bicyclette\/","name":"Bicyclette &#8226; Verso Verde Milano &#8226;","isPartOf":{"@id":"https:\/\/www.versoverde.it\/fr\/#website"},"datePublished":"2022-04-27T14:47:13+00:00","dateModified":"2022-12-06T10:40:23+00:00","description":"\u00c0 l'h\u00f4tel, vous pouvez louer nos v\u00e9los vintage pour explorer le Naviglio Grande et la piste cyclable Milan-Ticino, qui m\u00e8ne du Naviglio Grande hors de la ville vers la belle campagne lombarde. Un parcours relaxant et paisible le long du Naviglio m\u00e8ne \u00e0 la d\u00e9couverte d'anciens villages ruraux. .","breadcrumb":{"@id":"https:\/\/www.versoverde.it\/fr\/experiences\/bicyclette\/#breadcrumb"},"inLanguage":"fr-FR","potentialAction":[{"@type":"ReadAction","target":["https:\/\/www.versoverde.it\/fr\/experiences\/bicyclette\/"]}]},{"@type":"BreadcrumbList","@id":"https:\/\/www.versoverde.it\/fr\/experiences\/bicyclette\/#breadcrumb","itemListElement":[{"@type":"ListItem","position":1,"name":"Home","item":"https:\/\/www.versoverde.it\/fr\/"},{"@type":"ListItem","position":2,"name":"Exp\u00e9riences","item":"https:\/\/www.versoverde.it\/fr\/experiences\/"},{"@type":"ListItem","position":3,"name":"Bicyclette"}]},{"@type":"WebSite","@id":"https:\/\/www.versoverde.it\/fr\/#website","url":"https:\/\/www.versoverde.it\/fr\/","name":"Verso Verde Milano","description":"Ecco un altro sito ms.decms.eu","potentialAction":[{"@type":"SearchAction","target":{"@type":"EntryPoint","urlTemplate":"https:\/\/www.versoverde.it\/fr\/?s={search_term_string}"},"query-input":{"@type":"PropertyValueSpecification","valueRequired":true,"valueName":"search_term_string"}}],"inLanguage":"fr-FR"}]}},"acf":[],"_links":{"self":[{"href":"https:\/\/www.versoverde.it\/fr\/wp-json\/wp\/v2\/pages\/623","targetHints":{"allow":["GET"]}}],"collection":[{"href":"https:\/\/www.versoverde.it\/fr\/wp-json\/wp\/v2\/pages"}],"about":[{"href":"https:\/\/www.versoverde.it\/fr\/wp-json\/wp\/v2\/types\/page"}],"author":[{"embeddable":true,"href":"https:\/\/www.versoverde.it\/fr\/wp-json\/wp\/v2\/users\/13"}],"replies":[{"embeddable":true,"href":"https:\/\/www.versoverde.it\/fr\/wp-json\/wp\/v2\/comments?post=623"}],"version-history":[{"count":0,"href":"https:\/\/www.versoverde.it\/fr\/wp-json\/wp\/v2\/pages\/623\/revisions"}],"up":[{"embeddable":true,"href":"https:\/\/www.versoverde.it\/fr\/wp-json\/wp\/v2\/pages\/621"}],"wp:attachment":[{"href":"https:\/\/www.versoverde.it\/fr\/wp-json\/wp\/v2\/media?parent=623"}],"curies":[{"name":"wp","href":"https:\/\/api.w.org\/{rel}","templated":true}]}}