{"id":632,"date":"2022-04-27T17:29:38","date_gmt":"2022-04-27T15:29:38","guid":{"rendered":"https:\/\/www.versoverde.it\/?page_id=632"},"modified":"2022-12-06T15:12:41","modified_gmt":"2022-12-06T14:12:41","slug":"tramway-historique-2","status":"publish","type":"page","link":"https:\/\/www.versoverde.it\/fr\/experiences\/tramway-historique-2\/","title":{"rendered":"Tramway historique 2"},"content":{"rendered":"<p style=\"text-align: center\">\u00c0 quelques pas de VersoVerde s&rsquo;arr\u00eate le Tram n\u00b0 2, l&rsquo;un des trams historiques de Milan, qui effectue un parcours unique entre les \u00e9glises et les monuments.<\/p>\n<p style=\"text-align: center\">Le tram n\u00b0 2 traverse en fait tout Milan et vous permettra de voir des vues suggestives comme l&rsquo;\u00e9glise de San Cristoforo, qui se trouve juste devant l&rsquo;arr\u00eat de tram le plus proche, le Carrobbio et les c\u00e9l\u00e8bres Colonne di San Lorenzo avec la Basilique, la Via Torino avec ses b\u00e2timents du XIXe si\u00e8cle, le Duomo, le Teatro alla Scala, le Castello Sforzesco, l&rsquo;Acquario Civico, l&rsquo;Arena Civica Gianni Brera et le Cimitero Monumentale.<\/p>\n","protected":false},"excerpt":{"rendered":"<p>\u00c0 quelques pas de VersoVerde s&rsquo;arr\u00eate le Tram n\u00b0 2, l&rsquo;un des trams historiques de Milan, qui effectue un parcours unique entre les \u00e9glises et les monuments. Le tram n\u00b0 2 traverse en fait tout Milan et vous permettra de voir des vues suggestives comme l&rsquo;\u00e9glise de San Cristoforo, qui se trouve juste devant l&rsquo;arr\u00eat [&hellip;]<\/p>\n","protected":false},"author":13,"featured_media":0,"parent":621,"menu_order":50,"comment_status":"closed","ping_status":"closed","template":"","meta":{"footnotes":""},"class_list":["post-632","page","type-page","status-publish","hentry"],"yoast_head":"<!-- This site is optimized with the Yoast SEO plugin v26.9 - https:\/\/yoast.com\/product\/yoast-seo-wordpress\/ -->\n<title>Tramway historique 2 &#8226; Verso Verde Milano &#8226;<\/title>\n<meta name=\"description\" content=\"\u00c0 quelques pas de VersoVerde s&#039;arr\u00eate le Tram n\u00b0 2, l&#039;un des trams historiques de Milan, qui effectue un parcours unique entre les \u00e9glises et les monuments. Le tram n\u00b0 2 traverse en fait tout Milan et vous permettra de voir des vues suggestives comme l&#039;\u00e9glise de San Cristoforo, qui se trouve juste devant l&#039;arr\u00eat de tram le plus proche, le Carrobbio et les c\u00e9l\u00e8bres Colonne di San Lorenzo avec la Basilique, la Via Torino avec ses b\u00e2timents du XIXe si\u00e8cle, le Duomo, le Teatro alla Scala, le Castello Sforzesco, l&#039;Acquario Civico, l&#039;Arena Civica Gianni Brera et le Cimitero Monumentale..\" \/>\n<meta name=\"robots\" content=\"index, follow, max-snippet:-1, max-image-preview:large, max-video-preview:-1\" \/>\n<link rel=\"canonical\" href=\"https:\/\/www.versoverde.it\/fr\/experiences\/tramway-historique-2\/\" \/>\n<meta property=\"og:locale\" content=\"fr_FR\" \/>\n<meta property=\"og:type\" content=\"article\" \/>\n<meta property=\"og:title\" content=\"Tramway historique 2 &#8226; Verso Verde Milano &#8226;\" \/>\n<meta property=\"og:description\" content=\"\u00c0 quelques pas de VersoVerde s&#039;arr\u00eate le Tram n\u00b0 2, l&#039;un des trams historiques de Milan, qui effectue un parcours unique entre les \u00e9glises et les monuments. Le tram n\u00b0 2 traverse en fait tout Milan et vous permettra de voir des vues suggestives comme l&#039;\u00e9glise de San Cristoforo, qui se trouve juste devant l&#039;arr\u00eat de tram le plus proche, le Carrobbio et les c\u00e9l\u00e8bres Colonne di San Lorenzo avec la Basilique, la Via Torino avec ses b\u00e2timents du XIXe si\u00e8cle, le Duomo, le Teatro alla Scala, le Castello Sforzesco, l&#039;Acquario Civico, l&#039;Arena Civica Gianni Brera et le Cimitero Monumentale..\" \/>\n<meta property=\"og:url\" content=\"https:\/\/www.versoverde.it\/fr\/experiences\/tramway-historique-2\/\" \/>\n<meta property=\"og:site_name\" content=\"Verso Verde Milano\" \/>\n<meta property=\"article:modified_time\" content=\"2022-12-06T14:12:41+00:00\" \/>\n<meta name=\"twitter:card\" content=\"summary_large_image\" \/>\n<meta name=\"twitter:label1\" content=\"Dur\u00e9e de lecture estim\u00e9e\" \/>\n\t<meta name=\"twitter:data1\" content=\"1 minute\" \/>\n<script type=\"application\/ld+json\" class=\"yoast-schema-graph\">{\"@context\":\"https:\/\/schema.org\",\"@graph\":[{\"@type\":\"WebPage\",\"@id\":\"https:\/\/www.versoverde.it\/fr\/experiences\/tramway-historique-2\/\",\"url\":\"https:\/\/www.versoverde.it\/fr\/experiences\/tramway-historique-2\/\",\"name\":\"Tramway historique 2 &#8226; Verso Verde Milano &#8226;\",\"isPartOf\":{\"@id\":\"https:\/\/www.versoverde.it\/fr\/#website\"},\"datePublished\":\"2022-04-27T15:29:38+00:00\",\"dateModified\":\"2022-12-06T14:12:41+00:00\",\"description\":\"\u00c0 quelques pas de VersoVerde s'arr\u00eate le Tram n\u00b0 2, l'un des trams historiques de Milan, qui effectue un parcours unique entre les \u00e9glises et les monuments. Le tram n\u00b0 2 traverse en fait tout Milan et vous permettra de voir des vues suggestives comme l'\u00e9glise de San Cristoforo, qui se trouve juste devant l'arr\u00eat de tram le plus proche, le Carrobbio et les c\u00e9l\u00e8bres Colonne di San Lorenzo avec la Basilique, la Via Torino avec ses b\u00e2timents du XIXe si\u00e8cle, le Duomo, le Teatro alla Scala, le Castello Sforzesco, l'Acquario Civico, l'Arena Civica Gianni Brera et le Cimitero Monumentale. .\",\"breadcrumb\":{\"@id\":\"https:\/\/www.versoverde.it\/fr\/experiences\/tramway-historique-2\/#breadcrumb\"},\"inLanguage\":\"fr-FR\",\"potentialAction\":[{\"@type\":\"ReadAction\",\"target\":[\"https:\/\/www.versoverde.it\/fr\/experiences\/tramway-historique-2\/\"]}]},{\"@type\":\"BreadcrumbList\",\"@id\":\"https:\/\/www.versoverde.it\/fr\/experiences\/tramway-historique-2\/#breadcrumb\",\"itemListElement\":[{\"@type\":\"ListItem\",\"position\":1,\"name\":\"Home\",\"item\":\"https:\/\/www.versoverde.it\/fr\/\"},{\"@type\":\"ListItem\",\"position\":2,\"name\":\"Exp\u00e9riences\",\"item\":\"https:\/\/www.versoverde.it\/fr\/experiences\/\"},{\"@type\":\"ListItem\",\"position\":3,\"name\":\"Tramway historique 2\"}]},{\"@type\":\"WebSite\",\"@id\":\"https:\/\/www.versoverde.it\/fr\/#website\",\"url\":\"https:\/\/www.versoverde.it\/fr\/\",\"name\":\"Verso Verde Milano\",\"description\":\"Ecco un altro sito ms.decms.eu\",\"potentialAction\":[{\"@type\":\"SearchAction\",\"target\":{\"@type\":\"EntryPoint\",\"urlTemplate\":\"https:\/\/www.versoverde.it\/fr\/?s={search_term_string}\"},\"query-input\":{\"@type\":\"PropertyValueSpecification\",\"valueRequired\":true,\"valueName\":\"search_term_string\"}}],\"inLanguage\":\"fr-FR\"}]}<\/script>\n<!-- \/ Yoast SEO plugin. -->","yoast_head_json":{"title":"Tramway historique 2 &#8226; Verso Verde Milano &#8226;","description":"\u00c0 quelques pas de VersoVerde s'arr\u00eate le Tram n\u00b0 2, l'un des trams historiques de Milan, qui effectue un parcours unique entre les \u00e9glises et les monuments. Le tram n\u00b0 2 traverse en fait tout Milan et vous permettra de voir des vues suggestives comme l'\u00e9glise de San Cristoforo, qui se trouve juste devant l'arr\u00eat de tram le plus proche, le Carrobbio et les c\u00e9l\u00e8bres Colonne di San Lorenzo avec la Basilique, la Via Torino avec ses b\u00e2timents du XIXe si\u00e8cle, le Duomo, le Teatro alla Scala, le Castello Sforzesco, l'Acquario Civico, l'Arena Civica Gianni Brera et le Cimitero Monumentale..","robots":{"index":"index","follow":"follow","max-snippet":"max-snippet:-1","max-image-preview":"max-image-preview:large","max-video-preview":"max-video-preview:-1"},"canonical":"https:\/\/www.versoverde.it\/fr\/experiences\/tramway-historique-2\/","og_locale":"fr_FR","og_type":"article","og_title":"Tramway historique 2 &#8226; Verso Verde Milano &#8226;","og_description":"\u00c0 quelques pas de VersoVerde s'arr\u00eate le Tram n\u00b0 2, l'un des trams historiques de Milan, qui effectue un parcours unique entre les \u00e9glises et les monuments. Le tram n\u00b0 2 traverse en fait tout Milan et vous permettra de voir des vues suggestives comme l'\u00e9glise de San Cristoforo, qui se trouve juste devant l'arr\u00eat de tram le plus proche, le Carrobbio et les c\u00e9l\u00e8bres Colonne di San Lorenzo avec la Basilique, la Via Torino avec ses b\u00e2timents du XIXe si\u00e8cle, le Duomo, le Teatro alla Scala, le Castello Sforzesco, l'Acquario Civico, l'Arena Civica Gianni Brera et le Cimitero Monumentale..","og_url":"https:\/\/www.versoverde.it\/fr\/experiences\/tramway-historique-2\/","og_site_name":"Verso Verde Milano","article_modified_time":"2022-12-06T14:12:41+00:00","twitter_card":"summary_large_image","twitter_misc":{"Dur\u00e9e de lecture estim\u00e9e":"1 minute"},"schema":{"@context":"https:\/\/schema.org","@graph":[{"@type":"WebPage","@id":"https:\/\/www.versoverde.it\/fr\/experiences\/tramway-historique-2\/","url":"https:\/\/www.versoverde.it\/fr\/experiences\/tramway-historique-2\/","name":"Tramway historique 2 &#8226; Verso Verde Milano &#8226;","isPartOf":{"@id":"https:\/\/www.versoverde.it\/fr\/#website"},"datePublished":"2022-04-27T15:29:38+00:00","dateModified":"2022-12-06T14:12:41+00:00","description":"\u00c0 quelques pas de VersoVerde s'arr\u00eate le Tram n\u00b0 2, l'un des trams historiques de Milan, qui effectue un parcours unique entre les \u00e9glises et les monuments. Le tram n\u00b0 2 traverse en fait tout Milan et vous permettra de voir des vues suggestives comme l'\u00e9glise de San Cristoforo, qui se trouve juste devant l'arr\u00eat de tram le plus proche, le Carrobbio et les c\u00e9l\u00e8bres Colonne di San Lorenzo avec la Basilique, la Via Torino avec ses b\u00e2timents du XIXe si\u00e8cle, le Duomo, le Teatro alla Scala, le Castello Sforzesco, l'Acquario Civico, l'Arena Civica Gianni Brera et le Cimitero Monumentale. .","breadcrumb":{"@id":"https:\/\/www.versoverde.it\/fr\/experiences\/tramway-historique-2\/#breadcrumb"},"inLanguage":"fr-FR","potentialAction":[{"@type":"ReadAction","target":["https:\/\/www.versoverde.it\/fr\/experiences\/tramway-historique-2\/"]}]},{"@type":"BreadcrumbList","@id":"https:\/\/www.versoverde.it\/fr\/experiences\/tramway-historique-2\/#breadcrumb","itemListElement":[{"@type":"ListItem","position":1,"name":"Home","item":"https:\/\/www.versoverde.it\/fr\/"},{"@type":"ListItem","position":2,"name":"Exp\u00e9riences","item":"https:\/\/www.versoverde.it\/fr\/experiences\/"},{"@type":"ListItem","position":3,"name":"Tramway historique 2"}]},{"@type":"WebSite","@id":"https:\/\/www.versoverde.it\/fr\/#website","url":"https:\/\/www.versoverde.it\/fr\/","name":"Verso Verde Milano","description":"Ecco un altro sito ms.decms.eu","potentialAction":[{"@type":"SearchAction","target":{"@type":"EntryPoint","urlTemplate":"https:\/\/www.versoverde.it\/fr\/?s={search_term_string}"},"query-input":{"@type":"PropertyValueSpecification","valueRequired":true,"valueName":"search_term_string"}}],"inLanguage":"fr-FR"}]}},"acf":[],"_links":{"self":[{"href":"https:\/\/www.versoverde.it\/fr\/wp-json\/wp\/v2\/pages\/632","targetHints":{"allow":["GET"]}}],"collection":[{"href":"https:\/\/www.versoverde.it\/fr\/wp-json\/wp\/v2\/pages"}],"about":[{"href":"https:\/\/www.versoverde.it\/fr\/wp-json\/wp\/v2\/types\/page"}],"author":[{"embeddable":true,"href":"https:\/\/www.versoverde.it\/fr\/wp-json\/wp\/v2\/users\/13"}],"replies":[{"embeddable":true,"href":"https:\/\/www.versoverde.it\/fr\/wp-json\/wp\/v2\/comments?post=632"}],"version-history":[{"count":0,"href":"https:\/\/www.versoverde.it\/fr\/wp-json\/wp\/v2\/pages\/632\/revisions"}],"up":[{"embeddable":true,"href":"https:\/\/www.versoverde.it\/fr\/wp-json\/wp\/v2\/pages\/621"}],"wp:attachment":[{"href":"https:\/\/www.versoverde.it\/fr\/wp-json\/wp\/v2\/media?parent=632"}],"curies":[{"name":"wp","href":"https:\/\/api.w.org\/{rel}","templated":true}]}}