{"id":636,"date":"2022-04-27T17:31:50","date_gmt":"2022-04-27T15:31:50","guid":{"rendered":"https:\/\/www.versoverde.it\/?page_id=636"},"modified":"2022-04-28T09:51:21","modified_gmt":"2022-04-28T07:51:21","slug":"evenements","status":"publish","type":"page","link":"https:\/\/www.versoverde.it\/fr\/evenements\/","title":{"rendered":"\u00c9v\u00e9nements"},"content":{"rendered":"<p style=\"text-align: center;\">Nos espaces peuvent \u00eatre lou\u00e9s pour des \u00e9v\u00e9nements priv\u00e9s et d&rsquo;entreprise, des soir\u00e9es \u00e0 th\u00e8me, des occasions sp\u00e9ciales, mais aussi des r\u00e9unions et des conf\u00e9rences.<\/p>\n","protected":false},"excerpt":{"rendered":"<p>Nos espaces peuvent \u00eatre lou\u00e9s pour des \u00e9v\u00e9nements priv\u00e9s et d&rsquo;entreprise, des soir\u00e9es \u00e0 th\u00e8me, des occasions sp\u00e9ciales, mais aussi des r\u00e9unions et des conf\u00e9rences.<\/p>\n","protected":false},"author":13,"featured_media":0,"parent":0,"menu_order":70,"comment_status":"closed","ping_status":"closed","template":"","meta":{"footnotes":""},"class_list":["post-636","page","type-page","status-publish","hentry"],"yoast_head":"<!-- This site is optimized with the Yoast SEO plugin v26.9 - https:\/\/yoast.com\/product\/yoast-seo-wordpress\/ -->\n<title>\u00c9v\u00e9nements &#8226; Verso Verde Milano &#8226;<\/title>\n<meta name=\"description\" content=\"Nos espaces peuvent \u00eatre lou\u00e9s pour des \u00e9v\u00e9nements priv\u00e9s et d&#039;entreprise, des soir\u00e9es \u00e0 th\u00e8me, des occasions sp\u00e9ciales, mais aussi des r\u00e9unions et des conf\u00e9rences..\" \/>\n<meta name=\"robots\" content=\"index, follow, max-snippet:-1, max-image-preview:large, max-video-preview:-1\" \/>\n<link rel=\"canonical\" href=\"https:\/\/www.versoverde.it\/fr\/evenements\/\" \/>\n<meta property=\"og:locale\" content=\"fr_FR\" \/>\n<meta property=\"og:type\" content=\"article\" \/>\n<meta property=\"og:title\" content=\"\u00c9v\u00e9nements &#8226; Verso Verde Milano &#8226;\" \/>\n<meta property=\"og:description\" content=\"Nos espaces peuvent \u00eatre lou\u00e9s pour des \u00e9v\u00e9nements priv\u00e9s et d&#039;entreprise, des soir\u00e9es \u00e0 th\u00e8me, des occasions sp\u00e9ciales, mais aussi des r\u00e9unions et des conf\u00e9rences..\" \/>\n<meta property=\"og:url\" content=\"https:\/\/www.versoverde.it\/fr\/evenements\/\" \/>\n<meta property=\"og:site_name\" content=\"Verso Verde Milano\" \/>\n<meta property=\"article:modified_time\" content=\"2022-04-28T07:51:21+00:00\" \/>\n<meta name=\"twitter:card\" content=\"summary_large_image\" \/>\n<script type=\"application\/ld+json\" class=\"yoast-schema-graph\">{\"@context\":\"https:\/\/schema.org\",\"@graph\":[{\"@type\":\"WebPage\",\"@id\":\"https:\/\/www.versoverde.it\/fr\/evenements\/\",\"url\":\"https:\/\/www.versoverde.it\/fr\/evenements\/\",\"name\":\"\u00c9v\u00e9nements &#8226; Verso Verde Milano &#8226;\",\"isPartOf\":{\"@id\":\"https:\/\/www.versoverde.it\/fr\/#website\"},\"datePublished\":\"2022-04-27T15:31:50+00:00\",\"dateModified\":\"2022-04-28T07:51:21+00:00\",\"description\":\"Nos espaces peuvent \u00eatre lou\u00e9s pour des \u00e9v\u00e9nements priv\u00e9s et d'entreprise, des soir\u00e9es \u00e0 th\u00e8me, des occasions sp\u00e9ciales, mais aussi des r\u00e9unions et des conf\u00e9rences. .\",\"breadcrumb\":{\"@id\":\"https:\/\/www.versoverde.it\/fr\/evenements\/#breadcrumb\"},\"inLanguage\":\"fr-FR\",\"potentialAction\":[{\"@type\":\"ReadAction\",\"target\":[\"https:\/\/www.versoverde.it\/fr\/evenements\/\"]}]},{\"@type\":\"BreadcrumbList\",\"@id\":\"https:\/\/www.versoverde.it\/fr\/evenements\/#breadcrumb\",\"itemListElement\":[{\"@type\":\"ListItem\",\"position\":1,\"name\":\"Home\",\"item\":\"https:\/\/www.versoverde.it\/fr\/\"},{\"@type\":\"ListItem\",\"position\":2,\"name\":\"\u00c9v\u00e9nements\"}]},{\"@type\":\"WebSite\",\"@id\":\"https:\/\/www.versoverde.it\/fr\/#website\",\"url\":\"https:\/\/www.versoverde.it\/fr\/\",\"name\":\"Verso Verde Milano\",\"description\":\"Ecco un altro sito ms.decms.eu\",\"potentialAction\":[{\"@type\":\"SearchAction\",\"target\":{\"@type\":\"EntryPoint\",\"urlTemplate\":\"https:\/\/www.versoverde.it\/fr\/?s={search_term_string}\"},\"query-input\":{\"@type\":\"PropertyValueSpecification\",\"valueRequired\":true,\"valueName\":\"search_term_string\"}}],\"inLanguage\":\"fr-FR\"}]}<\/script>\n<!-- \/ Yoast SEO plugin. -->","yoast_head_json":{"title":"\u00c9v\u00e9nements &#8226; Verso Verde Milano &#8226;","description":"Nos espaces peuvent \u00eatre lou\u00e9s pour des \u00e9v\u00e9nements priv\u00e9s et d'entreprise, des soir\u00e9es \u00e0 th\u00e8me, des occasions sp\u00e9ciales, mais aussi des r\u00e9unions et des conf\u00e9rences..","robots":{"index":"index","follow":"follow","max-snippet":"max-snippet:-1","max-image-preview":"max-image-preview:large","max-video-preview":"max-video-preview:-1"},"canonical":"https:\/\/www.versoverde.it\/fr\/evenements\/","og_locale":"fr_FR","og_type":"article","og_title":"\u00c9v\u00e9nements &#8226; Verso Verde Milano &#8226;","og_description":"Nos espaces peuvent \u00eatre lou\u00e9s pour des \u00e9v\u00e9nements priv\u00e9s et d'entreprise, des soir\u00e9es \u00e0 th\u00e8me, des occasions sp\u00e9ciales, mais aussi des r\u00e9unions et des conf\u00e9rences..","og_url":"https:\/\/www.versoverde.it\/fr\/evenements\/","og_site_name":"Verso Verde Milano","article_modified_time":"2022-04-28T07:51:21+00:00","twitter_card":"summary_large_image","schema":{"@context":"https:\/\/schema.org","@graph":[{"@type":"WebPage","@id":"https:\/\/www.versoverde.it\/fr\/evenements\/","url":"https:\/\/www.versoverde.it\/fr\/evenements\/","name":"\u00c9v\u00e9nements &#8226; Verso Verde Milano &#8226;","isPartOf":{"@id":"https:\/\/www.versoverde.it\/fr\/#website"},"datePublished":"2022-04-27T15:31:50+00:00","dateModified":"2022-04-28T07:51:21+00:00","description":"Nos espaces peuvent \u00eatre lou\u00e9s pour des \u00e9v\u00e9nements priv\u00e9s et d'entreprise, des soir\u00e9es \u00e0 th\u00e8me, des occasions sp\u00e9ciales, mais aussi des r\u00e9unions et des conf\u00e9rences. .","breadcrumb":{"@id":"https:\/\/www.versoverde.it\/fr\/evenements\/#breadcrumb"},"inLanguage":"fr-FR","potentialAction":[{"@type":"ReadAction","target":["https:\/\/www.versoverde.it\/fr\/evenements\/"]}]},{"@type":"BreadcrumbList","@id":"https:\/\/www.versoverde.it\/fr\/evenements\/#breadcrumb","itemListElement":[{"@type":"ListItem","position":1,"name":"Home","item":"https:\/\/www.versoverde.it\/fr\/"},{"@type":"ListItem","position":2,"name":"\u00c9v\u00e9nements"}]},{"@type":"WebSite","@id":"https:\/\/www.versoverde.it\/fr\/#website","url":"https:\/\/www.versoverde.it\/fr\/","name":"Verso Verde Milano","description":"Ecco un altro sito ms.decms.eu","potentialAction":[{"@type":"SearchAction","target":{"@type":"EntryPoint","urlTemplate":"https:\/\/www.versoverde.it\/fr\/?s={search_term_string}"},"query-input":{"@type":"PropertyValueSpecification","valueRequired":true,"valueName":"search_term_string"}}],"inLanguage":"fr-FR"}]}},"acf":[],"_links":{"self":[{"href":"https:\/\/www.versoverde.it\/fr\/wp-json\/wp\/v2\/pages\/636","targetHints":{"allow":["GET"]}}],"collection":[{"href":"https:\/\/www.versoverde.it\/fr\/wp-json\/wp\/v2\/pages"}],"about":[{"href":"https:\/\/www.versoverde.it\/fr\/wp-json\/wp\/v2\/types\/page"}],"author":[{"embeddable":true,"href":"https:\/\/www.versoverde.it\/fr\/wp-json\/wp\/v2\/users\/13"}],"replies":[{"embeddable":true,"href":"https:\/\/www.versoverde.it\/fr\/wp-json\/wp\/v2\/comments?post=636"}],"version-history":[{"count":0,"href":"https:\/\/www.versoverde.it\/fr\/wp-json\/wp\/v2\/pages\/636\/revisions"}],"wp:attachment":[{"href":"https:\/\/www.versoverde.it\/fr\/wp-json\/wp\/v2\/media?parent=636"}],"curies":[{"name":"wp","href":"https:\/\/api.w.org\/{rel}","templated":true}]}}