{"id":640,"date":"2022-04-27T17:32:25","date_gmt":"2022-04-27T15:32:25","guid":{"rendered":"https:\/\/www.versoverde.it\/?page_id=640"},"modified":"2022-04-27T17:32:55","modified_gmt":"2022-04-27T15:32:55","slug":"evenements-prives","status":"publish","type":"page","link":"https:\/\/www.versoverde.it\/fr\/evenements\/evenements-prives\/","title":{"rendered":"\u00c9v\u00e9nements priv\u00e9s"},"content":{"rendered":"<p style=\"text-align: center;\">Les lieux exclusifs et relaxants de VersoVerde sont \u00e0 votre disposition pour vivre les moments les plus importants de votre vie : anniversaires, anniversaires, f\u00eates priv\u00e9es.<\/p>\n<p style=\"text-align: center;\">A quelques pas du centre, dans un quartier calme mais facilement accessible, vous pouvez rendre votre \u00e9v\u00e9nement unique gr\u00e2ce \u00e0 nos espaces uniques et au savoir-faire de notre personnel.<\/p>\n<p style=\"text-align: center;\">Pour un d\u00e9jeuner, un go\u00fbter, un ap\u00e9ritif, un d\u00eener : faites votre choix parmi notre carte saine et naturelle, m\u00e9diterran\u00e9enne ou vegan pour satisfaire les go\u00fbts de tous vos convives, dans le respect de l&rsquo;environnement et de la qualit\u00e9.<\/p>\n","protected":false},"excerpt":{"rendered":"<p>Les lieux exclusifs et relaxants de VersoVerde sont \u00e0 votre disposition pour vivre les moments les plus importants de votre vie : anniversaires, anniversaires, f\u00eates priv\u00e9es. A quelques pas du centre, dans un quartier calme mais facilement accessible, vous pouvez rendre votre \u00e9v\u00e9nement unique gr\u00e2ce \u00e0 nos espaces uniques et au savoir-faire de notre personnel. [&hellip;]<\/p>\n","protected":false},"author":13,"featured_media":0,"parent":636,"menu_order":10,"comment_status":"closed","ping_status":"closed","template":"","meta":{"footnotes":""},"class_list":["post-640","page","type-page","status-publish","hentry"],"yoast_head":"<!-- This site is optimized with the Yoast SEO plugin v26.9 - https:\/\/yoast.com\/product\/yoast-seo-wordpress\/ -->\n<title>\u00c9v\u00e9nements priv\u00e9s &#8226; Verso Verde Milano &#8226;<\/title>\n<meta name=\"description\" content=\"Les lieux exclusifs et relaxants de VersoVerde sont \u00e0 votre disposition pour vivre les moments les plus importants de votre vie : anniversaires, anniversaires, f\u00eates priv\u00e9es. A quelques pas du centre, dans un quartier calme mais facilement accessible, vous pouvez rendre votre \u00e9v\u00e9nement unique gr\u00e2ce \u00e0 nos espaces uniques et au savoir-faire de notre personnel. Pour un d\u00e9jeuner, un go\u00fbter, un ap\u00e9ritif, un d\u00eener : faites votre choix parmi notre carte saine et naturelle, m\u00e9diterran\u00e9enne ou vegan pour satisfaire les go\u00fbts de tous vos convives, dans le respect de l&#039;environnement et de la qualit\u00e9..\" \/>\n<meta name=\"robots\" content=\"index, follow, max-snippet:-1, max-image-preview:large, max-video-preview:-1\" \/>\n<link rel=\"canonical\" href=\"https:\/\/www.versoverde.it\/fr\/evenements\/evenements-prives\/\" \/>\n<meta property=\"og:locale\" content=\"fr_FR\" \/>\n<meta property=\"og:type\" content=\"article\" \/>\n<meta property=\"og:title\" content=\"\u00c9v\u00e9nements priv\u00e9s &#8226; Verso Verde Milano &#8226;\" \/>\n<meta property=\"og:description\" content=\"Les lieux exclusifs et relaxants de VersoVerde sont \u00e0 votre disposition pour vivre les moments les plus importants de votre vie : anniversaires, anniversaires, f\u00eates priv\u00e9es. A quelques pas du centre, dans un quartier calme mais facilement accessible, vous pouvez rendre votre \u00e9v\u00e9nement unique gr\u00e2ce \u00e0 nos espaces uniques et au savoir-faire de notre personnel. Pour un d\u00e9jeuner, un go\u00fbter, un ap\u00e9ritif, un d\u00eener : faites votre choix parmi notre carte saine et naturelle, m\u00e9diterran\u00e9enne ou vegan pour satisfaire les go\u00fbts de tous vos convives, dans le respect de l&#039;environnement et de la qualit\u00e9..\" \/>\n<meta property=\"og:url\" content=\"https:\/\/www.versoverde.it\/fr\/evenements\/evenements-prives\/\" \/>\n<meta property=\"og:site_name\" content=\"Verso Verde Milano\" \/>\n<meta property=\"article:modified_time\" content=\"2022-04-27T15:32:55+00:00\" \/>\n<meta name=\"twitter:card\" content=\"summary_large_image\" \/>\n<meta name=\"twitter:label1\" content=\"Dur\u00e9e de lecture estim\u00e9e\" \/>\n\t<meta name=\"twitter:data1\" content=\"1 minute\" \/>\n<script type=\"application\/ld+json\" class=\"yoast-schema-graph\">{\"@context\":\"https:\/\/schema.org\",\"@graph\":[{\"@type\":\"WebPage\",\"@id\":\"https:\/\/www.versoverde.it\/fr\/evenements\/evenements-prives\/\",\"url\":\"https:\/\/www.versoverde.it\/fr\/evenements\/evenements-prives\/\",\"name\":\"\u00c9v\u00e9nements priv\u00e9s &#8226; Verso Verde Milano &#8226;\",\"isPartOf\":{\"@id\":\"https:\/\/www.versoverde.it\/fr\/#website\"},\"datePublished\":\"2022-04-27T15:32:25+00:00\",\"dateModified\":\"2022-04-27T15:32:55+00:00\",\"description\":\"Les lieux exclusifs et relaxants de VersoVerde sont \u00e0 votre disposition pour vivre les moments les plus importants de votre vie : anniversaires, anniversaires, f\u00eates priv\u00e9es. A quelques pas du centre, dans un quartier calme mais facilement accessible, vous pouvez rendre votre \u00e9v\u00e9nement unique gr\u00e2ce \u00e0 nos espaces uniques et au savoir-faire de notre personnel. Pour un d\u00e9jeuner, un go\u00fbter, un ap\u00e9ritif, un d\u00eener : faites votre choix parmi notre carte saine et naturelle, m\u00e9diterran\u00e9enne ou vegan pour satisfaire les go\u00fbts de tous vos convives, dans le respect de l'environnement et de la qualit\u00e9. .\",\"breadcrumb\":{\"@id\":\"https:\/\/www.versoverde.it\/fr\/evenements\/evenements-prives\/#breadcrumb\"},\"inLanguage\":\"fr-FR\",\"potentialAction\":[{\"@type\":\"ReadAction\",\"target\":[\"https:\/\/www.versoverde.it\/fr\/evenements\/evenements-prives\/\"]}]},{\"@type\":\"BreadcrumbList\",\"@id\":\"https:\/\/www.versoverde.it\/fr\/evenements\/evenements-prives\/#breadcrumb\",\"itemListElement\":[{\"@type\":\"ListItem\",\"position\":1,\"name\":\"Home\",\"item\":\"https:\/\/www.versoverde.it\/fr\/\"},{\"@type\":\"ListItem\",\"position\":2,\"name\":\"\u00c9v\u00e9nements\",\"item\":\"https:\/\/www.versoverde.it\/fr\/evenements\/\"},{\"@type\":\"ListItem\",\"position\":3,\"name\":\"\u00c9v\u00e9nements priv\u00e9s\"}]},{\"@type\":\"WebSite\",\"@id\":\"https:\/\/www.versoverde.it\/fr\/#website\",\"url\":\"https:\/\/www.versoverde.it\/fr\/\",\"name\":\"Verso Verde Milano\",\"description\":\"Ecco un altro sito ms.decms.eu\",\"potentialAction\":[{\"@type\":\"SearchAction\",\"target\":{\"@type\":\"EntryPoint\",\"urlTemplate\":\"https:\/\/www.versoverde.it\/fr\/?s={search_term_string}\"},\"query-input\":{\"@type\":\"PropertyValueSpecification\",\"valueRequired\":true,\"valueName\":\"search_term_string\"}}],\"inLanguage\":\"fr-FR\"}]}<\/script>\n<!-- \/ Yoast SEO plugin. -->","yoast_head_json":{"title":"\u00c9v\u00e9nements priv\u00e9s &#8226; Verso Verde Milano &#8226;","description":"Les lieux exclusifs et relaxants de VersoVerde sont \u00e0 votre disposition pour vivre les moments les plus importants de votre vie : anniversaires, anniversaires, f\u00eates priv\u00e9es. A quelques pas du centre, dans un quartier calme mais facilement accessible, vous pouvez rendre votre \u00e9v\u00e9nement unique gr\u00e2ce \u00e0 nos espaces uniques et au savoir-faire de notre personnel. Pour un d\u00e9jeuner, un go\u00fbter, un ap\u00e9ritif, un d\u00eener : faites votre choix parmi notre carte saine et naturelle, m\u00e9diterran\u00e9enne ou vegan pour satisfaire les go\u00fbts de tous vos convives, dans le respect de l'environnement et de la qualit\u00e9..","robots":{"index":"index","follow":"follow","max-snippet":"max-snippet:-1","max-image-preview":"max-image-preview:large","max-video-preview":"max-video-preview:-1"},"canonical":"https:\/\/www.versoverde.it\/fr\/evenements\/evenements-prives\/","og_locale":"fr_FR","og_type":"article","og_title":"\u00c9v\u00e9nements priv\u00e9s &#8226; Verso Verde Milano &#8226;","og_description":"Les lieux exclusifs et relaxants de VersoVerde sont \u00e0 votre disposition pour vivre les moments les plus importants de votre vie : anniversaires, anniversaires, f\u00eates priv\u00e9es. A quelques pas du centre, dans un quartier calme mais facilement accessible, vous pouvez rendre votre \u00e9v\u00e9nement unique gr\u00e2ce \u00e0 nos espaces uniques et au savoir-faire de notre personnel. Pour un d\u00e9jeuner, un go\u00fbter, un ap\u00e9ritif, un d\u00eener : faites votre choix parmi notre carte saine et naturelle, m\u00e9diterran\u00e9enne ou vegan pour satisfaire les go\u00fbts de tous vos convives, dans le respect de l'environnement et de la qualit\u00e9..","og_url":"https:\/\/www.versoverde.it\/fr\/evenements\/evenements-prives\/","og_site_name":"Verso Verde Milano","article_modified_time":"2022-04-27T15:32:55+00:00","twitter_card":"summary_large_image","twitter_misc":{"Dur\u00e9e de lecture estim\u00e9e":"1 minute"},"schema":{"@context":"https:\/\/schema.org","@graph":[{"@type":"WebPage","@id":"https:\/\/www.versoverde.it\/fr\/evenements\/evenements-prives\/","url":"https:\/\/www.versoverde.it\/fr\/evenements\/evenements-prives\/","name":"\u00c9v\u00e9nements priv\u00e9s &#8226; Verso Verde Milano &#8226;","isPartOf":{"@id":"https:\/\/www.versoverde.it\/fr\/#website"},"datePublished":"2022-04-27T15:32:25+00:00","dateModified":"2022-04-27T15:32:55+00:00","description":"Les lieux exclusifs et relaxants de VersoVerde sont \u00e0 votre disposition pour vivre les moments les plus importants de votre vie : anniversaires, anniversaires, f\u00eates priv\u00e9es. A quelques pas du centre, dans un quartier calme mais facilement accessible, vous pouvez rendre votre \u00e9v\u00e9nement unique gr\u00e2ce \u00e0 nos espaces uniques et au savoir-faire de notre personnel. Pour un d\u00e9jeuner, un go\u00fbter, un ap\u00e9ritif, un d\u00eener : faites votre choix parmi notre carte saine et naturelle, m\u00e9diterran\u00e9enne ou vegan pour satisfaire les go\u00fbts de tous vos convives, dans le respect de l'environnement et de la qualit\u00e9. .","breadcrumb":{"@id":"https:\/\/www.versoverde.it\/fr\/evenements\/evenements-prives\/#breadcrumb"},"inLanguage":"fr-FR","potentialAction":[{"@type":"ReadAction","target":["https:\/\/www.versoverde.it\/fr\/evenements\/evenements-prives\/"]}]},{"@type":"BreadcrumbList","@id":"https:\/\/www.versoverde.it\/fr\/evenements\/evenements-prives\/#breadcrumb","itemListElement":[{"@type":"ListItem","position":1,"name":"Home","item":"https:\/\/www.versoverde.it\/fr\/"},{"@type":"ListItem","position":2,"name":"\u00c9v\u00e9nements","item":"https:\/\/www.versoverde.it\/fr\/evenements\/"},{"@type":"ListItem","position":3,"name":"\u00c9v\u00e9nements priv\u00e9s"}]},{"@type":"WebSite","@id":"https:\/\/www.versoverde.it\/fr\/#website","url":"https:\/\/www.versoverde.it\/fr\/","name":"Verso Verde Milano","description":"Ecco un altro sito ms.decms.eu","potentialAction":[{"@type":"SearchAction","target":{"@type":"EntryPoint","urlTemplate":"https:\/\/www.versoverde.it\/fr\/?s={search_term_string}"},"query-input":{"@type":"PropertyValueSpecification","valueRequired":true,"valueName":"search_term_string"}}],"inLanguage":"fr-FR"}]}},"acf":[],"_links":{"self":[{"href":"https:\/\/www.versoverde.it\/fr\/wp-json\/wp\/v2\/pages\/640","targetHints":{"allow":["GET"]}}],"collection":[{"href":"https:\/\/www.versoverde.it\/fr\/wp-json\/wp\/v2\/pages"}],"about":[{"href":"https:\/\/www.versoverde.it\/fr\/wp-json\/wp\/v2\/types\/page"}],"author":[{"embeddable":true,"href":"https:\/\/www.versoverde.it\/fr\/wp-json\/wp\/v2\/users\/13"}],"replies":[{"embeddable":true,"href":"https:\/\/www.versoverde.it\/fr\/wp-json\/wp\/v2\/comments?post=640"}],"version-history":[{"count":0,"href":"https:\/\/www.versoverde.it\/fr\/wp-json\/wp\/v2\/pages\/640\/revisions"}],"up":[{"embeddable":true,"href":"https:\/\/www.versoverde.it\/fr\/wp-json\/wp\/v2\/pages\/636"}],"wp:attachment":[{"href":"https:\/\/www.versoverde.it\/fr\/wp-json\/wp\/v2\/media?parent=640"}],"curies":[{"name":"wp","href":"https:\/\/api.w.org\/{rel}","templated":true}]}}