{"id":642,"date":"2022-04-27T17:33:17","date_gmt":"2022-04-27T15:33:17","guid":{"rendered":"https:\/\/www.versoverde.it\/?page_id=642"},"modified":"2022-04-27T17:33:17","modified_gmt":"2022-04-27T15:33:17","slug":"evenements-dentreprise","status":"publish","type":"page","link":"https:\/\/www.versoverde.it\/fr\/evenements\/evenements-dentreprise\/","title":{"rendered":"\u00c9v\u00e9nements d&rsquo;entreprise"},"content":{"rendered":"<p style=\"text-align: center;\">Pour vos d\u00eeners d&rsquo;affaires, journ\u00e9es presse, pr\u00e9sentations.<\/p>\n<p style=\"text-align: center;\">Dans nos espaces, vous pouvez profiter de divers services aux entreprises, espaces de r\u00e9union dans le vert, moniteurs intelligents, service de personnalisation de l&rsquo;espace, toile de fond, roll-up et bien plus encore.<\/p>\n<p style=\"text-align: center;\">Notre restaurant propose un service de pause-caf\u00e9 avec du caf\u00e9, des extraits frais, des desserts maison frais et des d\u00e9jeuners d&rsquo;affaires avec des plats l\u00e9gers et savoureux, pour affronter un apr\u00e8s-midi intense de r\u00e9unions.<\/p>\n<p style=\"text-align: center;\">Il est \u00e9galement possible de louer nos appartements pour des r\u00e9unions priv\u00e9es et des cours en petits groupes.<\/p>\n<p style=\"text-align: center;\">Chez VersoVerde, vous trouverez une connexion rapide et stable et des moniteurs \u00e0 la pointe de la technologie.<\/p>\n","protected":false},"excerpt":{"rendered":"<p>Pour vos d\u00eeners d&rsquo;affaires, journ\u00e9es presse, pr\u00e9sentations. Dans nos espaces, vous pouvez profiter de divers services aux entreprises, espaces de r\u00e9union dans le vert, moniteurs intelligents, service de personnalisation de l&rsquo;espace, toile de fond, roll-up et bien plus encore. Notre restaurant propose un service de pause-caf\u00e9 avec du caf\u00e9, des extraits frais, des desserts maison [&hellip;]<\/p>\n","protected":false},"author":13,"featured_media":0,"parent":636,"menu_order":20,"comment_status":"closed","ping_status":"closed","template":"","meta":{"footnotes":""},"class_list":["post-642","page","type-page","status-publish","hentry"],"yoast_head":"<!-- This site is optimized with the Yoast SEO plugin v26.9 - https:\/\/yoast.com\/product\/yoast-seo-wordpress\/ -->\n<title>\u00c9v\u00e9nements d&#039;entreprise &#8226; Verso Verde Milano &#8226;<\/title>\n<meta name=\"description\" content=\"Pour vos d\u00eeners d&#039;affaires, journ\u00e9es presse, pr\u00e9sentations. Dans nos espaces, vous pouvez profiter de divers services aux entreprises, espaces de r\u00e9union dans le vert, moniteurs intelligents, service de personnalisation de l&#039;espace, toile de fond, roll-up et bien plus encore. Notre restaurant propose un service de pause-caf\u00e9 avec du caf\u00e9, des extraits frais, des desserts maison frais et des d\u00e9jeuners d&#039;affaires avec des plats l\u00e9gers et savoureux, pour affronter un apr\u00e8s-midi intense de r\u00e9unions. Il est \u00e9galement possible de louer nos appartements pour des r\u00e9unions priv\u00e9es et des cours en petits groupes. Chez VersoVerde, vous trouverez une connexion rapide et stable et des moniteurs \u00e0 la pointe de la technologie..\" \/>\n<meta name=\"robots\" content=\"index, follow, max-snippet:-1, max-image-preview:large, max-video-preview:-1\" \/>\n<link rel=\"canonical\" href=\"https:\/\/www.versoverde.it\/fr\/evenements\/evenements-dentreprise\/\" \/>\n<meta property=\"og:locale\" content=\"fr_FR\" \/>\n<meta property=\"og:type\" content=\"article\" \/>\n<meta property=\"og:title\" content=\"\u00c9v\u00e9nements d&#039;entreprise &#8226; Verso Verde Milano &#8226;\" \/>\n<meta property=\"og:description\" content=\"Pour vos d\u00eeners d&#039;affaires, journ\u00e9es presse, pr\u00e9sentations. Dans nos espaces, vous pouvez profiter de divers services aux entreprises, espaces de r\u00e9union dans le vert, moniteurs intelligents, service de personnalisation de l&#039;espace, toile de fond, roll-up et bien plus encore. Notre restaurant propose un service de pause-caf\u00e9 avec du caf\u00e9, des extraits frais, des desserts maison frais et des d\u00e9jeuners d&#039;affaires avec des plats l\u00e9gers et savoureux, pour affronter un apr\u00e8s-midi intense de r\u00e9unions. Il est \u00e9galement possible de louer nos appartements pour des r\u00e9unions priv\u00e9es et des cours en petits groupes. Chez VersoVerde, vous trouverez une connexion rapide et stable et des moniteurs \u00e0 la pointe de la technologie..\" \/>\n<meta property=\"og:url\" content=\"https:\/\/www.versoverde.it\/fr\/evenements\/evenements-dentreprise\/\" \/>\n<meta property=\"og:site_name\" content=\"Verso Verde Milano\" \/>\n<meta name=\"twitter:card\" content=\"summary_large_image\" \/>\n<meta name=\"twitter:label1\" content=\"Dur\u00e9e de lecture estim\u00e9e\" \/>\n\t<meta name=\"twitter:data1\" content=\"1 minute\" \/>\n<script type=\"application\/ld+json\" class=\"yoast-schema-graph\">{\"@context\":\"https:\/\/schema.org\",\"@graph\":[{\"@type\":\"WebPage\",\"@id\":\"https:\/\/www.versoverde.it\/fr\/evenements\/evenements-dentreprise\/\",\"url\":\"https:\/\/www.versoverde.it\/fr\/evenements\/evenements-dentreprise\/\",\"name\":\"\u00c9v\u00e9nements d'entreprise &#8226; Verso Verde Milano &#8226;\",\"isPartOf\":{\"@id\":\"https:\/\/www.versoverde.it\/fr\/#website\"},\"datePublished\":\"2022-04-27T15:33:17+00:00\",\"description\":\"Pour vos d\u00eeners d'affaires, journ\u00e9es presse, pr\u00e9sentations. Dans nos espaces, vous pouvez profiter de divers services aux entreprises, espaces de r\u00e9union dans le vert, moniteurs intelligents, service de personnalisation de l'espace, toile de fond, roll-up et bien plus encore. Notre restaurant propose un service de pause-caf\u00e9 avec du caf\u00e9, des extraits frais, des desserts maison frais et des d\u00e9jeuners d'affaires avec des plats l\u00e9gers et savoureux, pour affronter un apr\u00e8s-midi intense de r\u00e9unions. Il est \u00e9galement possible de louer nos appartements pour des r\u00e9unions priv\u00e9es et des cours en petits groupes. Chez VersoVerde, vous trouverez une connexion rapide et stable et des moniteurs \u00e0 la pointe de la technologie. .\",\"breadcrumb\":{\"@id\":\"https:\/\/www.versoverde.it\/fr\/evenements\/evenements-dentreprise\/#breadcrumb\"},\"inLanguage\":\"fr-FR\",\"potentialAction\":[{\"@type\":\"ReadAction\",\"target\":[\"https:\/\/www.versoverde.it\/fr\/evenements\/evenements-dentreprise\/\"]}]},{\"@type\":\"BreadcrumbList\",\"@id\":\"https:\/\/www.versoverde.it\/fr\/evenements\/evenements-dentreprise\/#breadcrumb\",\"itemListElement\":[{\"@type\":\"ListItem\",\"position\":1,\"name\":\"Home\",\"item\":\"https:\/\/www.versoverde.it\/fr\/\"},{\"@type\":\"ListItem\",\"position\":2,\"name\":\"\u00c9v\u00e9nements\",\"item\":\"https:\/\/www.versoverde.it\/fr\/evenements\/\"},{\"@type\":\"ListItem\",\"position\":3,\"name\":\"\u00c9v\u00e9nements d&#8217;entreprise\"}]},{\"@type\":\"WebSite\",\"@id\":\"https:\/\/www.versoverde.it\/fr\/#website\",\"url\":\"https:\/\/www.versoverde.it\/fr\/\",\"name\":\"Verso Verde Milano\",\"description\":\"Ecco un altro sito ms.decms.eu\",\"potentialAction\":[{\"@type\":\"SearchAction\",\"target\":{\"@type\":\"EntryPoint\",\"urlTemplate\":\"https:\/\/www.versoverde.it\/fr\/?s={search_term_string}\"},\"query-input\":{\"@type\":\"PropertyValueSpecification\",\"valueRequired\":true,\"valueName\":\"search_term_string\"}}],\"inLanguage\":\"fr-FR\"}]}<\/script>\n<!-- \/ Yoast SEO plugin. -->","yoast_head_json":{"title":"\u00c9v\u00e9nements d'entreprise &#8226; Verso Verde Milano &#8226;","description":"Pour vos d\u00eeners d'affaires, journ\u00e9es presse, pr\u00e9sentations. Dans nos espaces, vous pouvez profiter de divers services aux entreprises, espaces de r\u00e9union dans le vert, moniteurs intelligents, service de personnalisation de l'espace, toile de fond, roll-up et bien plus encore. Notre restaurant propose un service de pause-caf\u00e9 avec du caf\u00e9, des extraits frais, des desserts maison frais et des d\u00e9jeuners d'affaires avec des plats l\u00e9gers et savoureux, pour affronter un apr\u00e8s-midi intense de r\u00e9unions. Il est \u00e9galement possible de louer nos appartements pour des r\u00e9unions priv\u00e9es et des cours en petits groupes. Chez VersoVerde, vous trouverez une connexion rapide et stable et des moniteurs \u00e0 la pointe de la technologie..","robots":{"index":"index","follow":"follow","max-snippet":"max-snippet:-1","max-image-preview":"max-image-preview:large","max-video-preview":"max-video-preview:-1"},"canonical":"https:\/\/www.versoverde.it\/fr\/evenements\/evenements-dentreprise\/","og_locale":"fr_FR","og_type":"article","og_title":"\u00c9v\u00e9nements d'entreprise &#8226; Verso Verde Milano &#8226;","og_description":"Pour vos d\u00eeners d'affaires, journ\u00e9es presse, pr\u00e9sentations. Dans nos espaces, vous pouvez profiter de divers services aux entreprises, espaces de r\u00e9union dans le vert, moniteurs intelligents, service de personnalisation de l'espace, toile de fond, roll-up et bien plus encore. Notre restaurant propose un service de pause-caf\u00e9 avec du caf\u00e9, des extraits frais, des desserts maison frais et des d\u00e9jeuners d'affaires avec des plats l\u00e9gers et savoureux, pour affronter un apr\u00e8s-midi intense de r\u00e9unions. Il est \u00e9galement possible de louer nos appartements pour des r\u00e9unions priv\u00e9es et des cours en petits groupes. Chez VersoVerde, vous trouverez une connexion rapide et stable et des moniteurs \u00e0 la pointe de la technologie..","og_url":"https:\/\/www.versoverde.it\/fr\/evenements\/evenements-dentreprise\/","og_site_name":"Verso Verde Milano","twitter_card":"summary_large_image","twitter_misc":{"Dur\u00e9e de lecture estim\u00e9e":"1 minute"},"schema":{"@context":"https:\/\/schema.org","@graph":[{"@type":"WebPage","@id":"https:\/\/www.versoverde.it\/fr\/evenements\/evenements-dentreprise\/","url":"https:\/\/www.versoverde.it\/fr\/evenements\/evenements-dentreprise\/","name":"\u00c9v\u00e9nements d'entreprise &#8226; Verso Verde Milano &#8226;","isPartOf":{"@id":"https:\/\/www.versoverde.it\/fr\/#website"},"datePublished":"2022-04-27T15:33:17+00:00","description":"Pour vos d\u00eeners d'affaires, journ\u00e9es presse, pr\u00e9sentations. Dans nos espaces, vous pouvez profiter de divers services aux entreprises, espaces de r\u00e9union dans le vert, moniteurs intelligents, service de personnalisation de l'espace, toile de fond, roll-up et bien plus encore. Notre restaurant propose un service de pause-caf\u00e9 avec du caf\u00e9, des extraits frais, des desserts maison frais et des d\u00e9jeuners d'affaires avec des plats l\u00e9gers et savoureux, pour affronter un apr\u00e8s-midi intense de r\u00e9unions. Il est \u00e9galement possible de louer nos appartements pour des r\u00e9unions priv\u00e9es et des cours en petits groupes. Chez VersoVerde, vous trouverez une connexion rapide et stable et des moniteurs \u00e0 la pointe de la technologie. .","breadcrumb":{"@id":"https:\/\/www.versoverde.it\/fr\/evenements\/evenements-dentreprise\/#breadcrumb"},"inLanguage":"fr-FR","potentialAction":[{"@type":"ReadAction","target":["https:\/\/www.versoverde.it\/fr\/evenements\/evenements-dentreprise\/"]}]},{"@type":"BreadcrumbList","@id":"https:\/\/www.versoverde.it\/fr\/evenements\/evenements-dentreprise\/#breadcrumb","itemListElement":[{"@type":"ListItem","position":1,"name":"Home","item":"https:\/\/www.versoverde.it\/fr\/"},{"@type":"ListItem","position":2,"name":"\u00c9v\u00e9nements","item":"https:\/\/www.versoverde.it\/fr\/evenements\/"},{"@type":"ListItem","position":3,"name":"\u00c9v\u00e9nements d&#8217;entreprise"}]},{"@type":"WebSite","@id":"https:\/\/www.versoverde.it\/fr\/#website","url":"https:\/\/www.versoverde.it\/fr\/","name":"Verso Verde Milano","description":"Ecco un altro sito ms.decms.eu","potentialAction":[{"@type":"SearchAction","target":{"@type":"EntryPoint","urlTemplate":"https:\/\/www.versoverde.it\/fr\/?s={search_term_string}"},"query-input":{"@type":"PropertyValueSpecification","valueRequired":true,"valueName":"search_term_string"}}],"inLanguage":"fr-FR"}]}},"acf":[],"_links":{"self":[{"href":"https:\/\/www.versoverde.it\/fr\/wp-json\/wp\/v2\/pages\/642","targetHints":{"allow":["GET"]}}],"collection":[{"href":"https:\/\/www.versoverde.it\/fr\/wp-json\/wp\/v2\/pages"}],"about":[{"href":"https:\/\/www.versoverde.it\/fr\/wp-json\/wp\/v2\/types\/page"}],"author":[{"embeddable":true,"href":"https:\/\/www.versoverde.it\/fr\/wp-json\/wp\/v2\/users\/13"}],"replies":[{"embeddable":true,"href":"https:\/\/www.versoverde.it\/fr\/wp-json\/wp\/v2\/comments?post=642"}],"version-history":[{"count":0,"href":"https:\/\/www.versoverde.it\/fr\/wp-json\/wp\/v2\/pages\/642\/revisions"}],"up":[{"embeddable":true,"href":"https:\/\/www.versoverde.it\/fr\/wp-json\/wp\/v2\/pages\/636"}],"wp:attachment":[{"href":"https:\/\/www.versoverde.it\/fr\/wp-json\/wp\/v2\/media?parent=642"}],"curies":[{"name":"wp","href":"https:\/\/api.w.org\/{rel}","templated":true}]}}