{"id":644,"date":"2022-04-27T17:34:06","date_gmt":"2022-04-27T15:34:06","guid":{"rendered":"https:\/\/www.versoverde.it\/?page_id=644"},"modified":"2022-04-27T17:34:34","modified_gmt":"2022-04-27T15:34:34","slug":"salle-de-mariage","status":"publish","type":"page","link":"https:\/\/www.versoverde.it\/fr\/evenements\/salle-de-mariage\/","title":{"rendered":"Salle de mariage"},"content":{"rendered":"<p style=\"text-align: center;\">Situ\u00e9 \u00e0 quelques pas de l&rsquo;\u00e9glise de San Cristoforo, VersoVerde est l&rsquo;endroit id\u00e9al pour un toast intime entour\u00e9 de verdure.<\/p>\n<p style=\"text-align: center;\">Des espaces exclusifs comme la terrasse couverte, les terrasses ou le jardin d&rsquo;hiver.<\/p>\n<p style=\"text-align: center;\">Menu personnalis\u00e9 chez KMitalia, cuisine m\u00e9diterran\u00e9enne, v\u00e9g\u00e9tarienne, v\u00e9g\u00e9talienne.<\/p>\n<p style=\"text-align: center;\">Possibilit\u00e9 d&rsquo;arriver en bateau \u00e0 moteur, chambres et appartements disponibles pour les jeunes mari\u00e9s et les invit\u00e9s.<\/p>\n<p style=\"text-align: center;\">VersoVerde est la proposition compl\u00e8te pour rendre votre journ\u00e9e sp\u00e9ciale vraiment unique.<\/p>\n","protected":false},"excerpt":{"rendered":"<p>Situ\u00e9 \u00e0 quelques pas de l&rsquo;\u00e9glise de San Cristoforo, VersoVerde est l&rsquo;endroit id\u00e9al pour un toast intime entour\u00e9 de verdure. Des espaces exclusifs comme la terrasse couverte, les terrasses ou le jardin d&rsquo;hiver. Menu personnalis\u00e9 chez KMitalia, cuisine m\u00e9diterran\u00e9enne, v\u00e9g\u00e9tarienne, v\u00e9g\u00e9talienne. Possibilit\u00e9 d&rsquo;arriver en bateau \u00e0 moteur, chambres et appartements disponibles pour les jeunes mari\u00e9s [&hellip;]<\/p>\n","protected":false},"author":13,"featured_media":0,"parent":636,"menu_order":30,"comment_status":"closed","ping_status":"closed","template":"","meta":{"footnotes":""},"class_list":["post-644","page","type-page","status-publish","hentry"],"yoast_head":"<!-- This site is optimized with the Yoast SEO plugin v26.9 - https:\/\/yoast.com\/product\/yoast-seo-wordpress\/ -->\n<title>Salle de mariage &#8226; Verso Verde Milano &#8226;<\/title>\n<meta name=\"description\" content=\"Situ\u00e9 \u00e0 quelques pas de l&#039;\u00e9glise de San Cristoforo, VersoVerde est l&#039;endroit id\u00e9al pour un toast intime entour\u00e9 de verdure. Des espaces exclusifs comme la terrasse couverte, les terrasses ou le jardin d&#039;hiver. Menu personnalis\u00e9 chez KMitalia, cuisine m\u00e9diterran\u00e9enne, v\u00e9g\u00e9tarienne, v\u00e9g\u00e9talienne. Possibilit\u00e9 d&#039;arriver en bateau \u00e0 moteur, chambres et appartements disponibles pour les jeunes mari\u00e9s et les invit\u00e9s. VersoVerde est la proposition compl\u00e8te pour rendre votre journ\u00e9e sp\u00e9ciale vraiment unique..\" \/>\n<meta name=\"robots\" content=\"index, follow, max-snippet:-1, max-image-preview:large, max-video-preview:-1\" \/>\n<link rel=\"canonical\" href=\"https:\/\/www.versoverde.it\/fr\/evenements\/salle-de-mariage\/\" \/>\n<meta property=\"og:locale\" content=\"fr_FR\" \/>\n<meta property=\"og:type\" content=\"article\" \/>\n<meta property=\"og:title\" content=\"Salle de mariage &#8226; Verso Verde Milano &#8226;\" \/>\n<meta property=\"og:description\" content=\"Situ\u00e9 \u00e0 quelques pas de l&#039;\u00e9glise de San Cristoforo, VersoVerde est l&#039;endroit id\u00e9al pour un toast intime entour\u00e9 de verdure. Des espaces exclusifs comme la terrasse couverte, les terrasses ou le jardin d&#039;hiver. Menu personnalis\u00e9 chez KMitalia, cuisine m\u00e9diterran\u00e9enne, v\u00e9g\u00e9tarienne, v\u00e9g\u00e9talienne. Possibilit\u00e9 d&#039;arriver en bateau \u00e0 moteur, chambres et appartements disponibles pour les jeunes mari\u00e9s et les invit\u00e9s. VersoVerde est la proposition compl\u00e8te pour rendre votre journ\u00e9e sp\u00e9ciale vraiment unique..\" \/>\n<meta property=\"og:url\" content=\"https:\/\/www.versoverde.it\/fr\/evenements\/salle-de-mariage\/\" \/>\n<meta property=\"og:site_name\" content=\"Verso Verde Milano\" \/>\n<meta property=\"article:modified_time\" content=\"2022-04-27T15:34:34+00:00\" \/>\n<meta name=\"twitter:card\" content=\"summary_large_image\" \/>\n<script type=\"application\/ld+json\" class=\"yoast-schema-graph\">{\"@context\":\"https:\/\/schema.org\",\"@graph\":[{\"@type\":\"WebPage\",\"@id\":\"https:\/\/www.versoverde.it\/fr\/evenements\/salle-de-mariage\/\",\"url\":\"https:\/\/www.versoverde.it\/fr\/evenements\/salle-de-mariage\/\",\"name\":\"Salle de mariage &#8226; Verso Verde Milano &#8226;\",\"isPartOf\":{\"@id\":\"https:\/\/www.versoverde.it\/fr\/#website\"},\"datePublished\":\"2022-04-27T15:34:06+00:00\",\"dateModified\":\"2022-04-27T15:34:34+00:00\",\"description\":\"Situ\u00e9 \u00e0 quelques pas de l'\u00e9glise de San Cristoforo, VersoVerde est l'endroit id\u00e9al pour un toast intime entour\u00e9 de verdure. Des espaces exclusifs comme la terrasse couverte, les terrasses ou le jardin d'hiver. Menu personnalis\u00e9 chez KMitalia, cuisine m\u00e9diterran\u00e9enne, v\u00e9g\u00e9tarienne, v\u00e9g\u00e9talienne. Possibilit\u00e9 d'arriver en bateau \u00e0 moteur, chambres et appartements disponibles pour les jeunes mari\u00e9s et les invit\u00e9s. VersoVerde est la proposition compl\u00e8te pour rendre votre journ\u00e9e sp\u00e9ciale vraiment unique. .\",\"breadcrumb\":{\"@id\":\"https:\/\/www.versoverde.it\/fr\/evenements\/salle-de-mariage\/#breadcrumb\"},\"inLanguage\":\"fr-FR\",\"potentialAction\":[{\"@type\":\"ReadAction\",\"target\":[\"https:\/\/www.versoverde.it\/fr\/evenements\/salle-de-mariage\/\"]}]},{\"@type\":\"BreadcrumbList\",\"@id\":\"https:\/\/www.versoverde.it\/fr\/evenements\/salle-de-mariage\/#breadcrumb\",\"itemListElement\":[{\"@type\":\"ListItem\",\"position\":1,\"name\":\"Home\",\"item\":\"https:\/\/www.versoverde.it\/fr\/\"},{\"@type\":\"ListItem\",\"position\":2,\"name\":\"\u00c9v\u00e9nements\",\"item\":\"https:\/\/www.versoverde.it\/fr\/evenements\/\"},{\"@type\":\"ListItem\",\"position\":3,\"name\":\"Salle de mariage\"}]},{\"@type\":\"WebSite\",\"@id\":\"https:\/\/www.versoverde.it\/fr\/#website\",\"url\":\"https:\/\/www.versoverde.it\/fr\/\",\"name\":\"Verso Verde Milano\",\"description\":\"Ecco un altro sito ms.decms.eu\",\"potentialAction\":[{\"@type\":\"SearchAction\",\"target\":{\"@type\":\"EntryPoint\",\"urlTemplate\":\"https:\/\/www.versoverde.it\/fr\/?s={search_term_string}\"},\"query-input\":{\"@type\":\"PropertyValueSpecification\",\"valueRequired\":true,\"valueName\":\"search_term_string\"}}],\"inLanguage\":\"fr-FR\"}]}<\/script>\n<!-- \/ Yoast SEO plugin. -->","yoast_head_json":{"title":"Salle de mariage &#8226; Verso Verde Milano &#8226;","description":"Situ\u00e9 \u00e0 quelques pas de l'\u00e9glise de San Cristoforo, VersoVerde est l'endroit id\u00e9al pour un toast intime entour\u00e9 de verdure. Des espaces exclusifs comme la terrasse couverte, les terrasses ou le jardin d'hiver. Menu personnalis\u00e9 chez KMitalia, cuisine m\u00e9diterran\u00e9enne, v\u00e9g\u00e9tarienne, v\u00e9g\u00e9talienne. Possibilit\u00e9 d'arriver en bateau \u00e0 moteur, chambres et appartements disponibles pour les jeunes mari\u00e9s et les invit\u00e9s. VersoVerde est la proposition compl\u00e8te pour rendre votre journ\u00e9e sp\u00e9ciale vraiment unique..","robots":{"index":"index","follow":"follow","max-snippet":"max-snippet:-1","max-image-preview":"max-image-preview:large","max-video-preview":"max-video-preview:-1"},"canonical":"https:\/\/www.versoverde.it\/fr\/evenements\/salle-de-mariage\/","og_locale":"fr_FR","og_type":"article","og_title":"Salle de mariage &#8226; Verso Verde Milano &#8226;","og_description":"Situ\u00e9 \u00e0 quelques pas de l'\u00e9glise de San Cristoforo, VersoVerde est l'endroit id\u00e9al pour un toast intime entour\u00e9 de verdure. Des espaces exclusifs comme la terrasse couverte, les terrasses ou le jardin d'hiver. Menu personnalis\u00e9 chez KMitalia, cuisine m\u00e9diterran\u00e9enne, v\u00e9g\u00e9tarienne, v\u00e9g\u00e9talienne. Possibilit\u00e9 d'arriver en bateau \u00e0 moteur, chambres et appartements disponibles pour les jeunes mari\u00e9s et les invit\u00e9s. VersoVerde est la proposition compl\u00e8te pour rendre votre journ\u00e9e sp\u00e9ciale vraiment unique..","og_url":"https:\/\/www.versoverde.it\/fr\/evenements\/salle-de-mariage\/","og_site_name":"Verso Verde Milano","article_modified_time":"2022-04-27T15:34:34+00:00","twitter_card":"summary_large_image","schema":{"@context":"https:\/\/schema.org","@graph":[{"@type":"WebPage","@id":"https:\/\/www.versoverde.it\/fr\/evenements\/salle-de-mariage\/","url":"https:\/\/www.versoverde.it\/fr\/evenements\/salle-de-mariage\/","name":"Salle de mariage &#8226; Verso Verde Milano &#8226;","isPartOf":{"@id":"https:\/\/www.versoverde.it\/fr\/#website"},"datePublished":"2022-04-27T15:34:06+00:00","dateModified":"2022-04-27T15:34:34+00:00","description":"Situ\u00e9 \u00e0 quelques pas de l'\u00e9glise de San Cristoforo, VersoVerde est l'endroit id\u00e9al pour un toast intime entour\u00e9 de verdure. Des espaces exclusifs comme la terrasse couverte, les terrasses ou le jardin d'hiver. Menu personnalis\u00e9 chez KMitalia, cuisine m\u00e9diterran\u00e9enne, v\u00e9g\u00e9tarienne, v\u00e9g\u00e9talienne. Possibilit\u00e9 d'arriver en bateau \u00e0 moteur, chambres et appartements disponibles pour les jeunes mari\u00e9s et les invit\u00e9s. VersoVerde est la proposition compl\u00e8te pour rendre votre journ\u00e9e sp\u00e9ciale vraiment unique. .","breadcrumb":{"@id":"https:\/\/www.versoverde.it\/fr\/evenements\/salle-de-mariage\/#breadcrumb"},"inLanguage":"fr-FR","potentialAction":[{"@type":"ReadAction","target":["https:\/\/www.versoverde.it\/fr\/evenements\/salle-de-mariage\/"]}]},{"@type":"BreadcrumbList","@id":"https:\/\/www.versoverde.it\/fr\/evenements\/salle-de-mariage\/#breadcrumb","itemListElement":[{"@type":"ListItem","position":1,"name":"Home","item":"https:\/\/www.versoverde.it\/fr\/"},{"@type":"ListItem","position":2,"name":"\u00c9v\u00e9nements","item":"https:\/\/www.versoverde.it\/fr\/evenements\/"},{"@type":"ListItem","position":3,"name":"Salle de mariage"}]},{"@type":"WebSite","@id":"https:\/\/www.versoverde.it\/fr\/#website","url":"https:\/\/www.versoverde.it\/fr\/","name":"Verso Verde Milano","description":"Ecco un altro sito ms.decms.eu","potentialAction":[{"@type":"SearchAction","target":{"@type":"EntryPoint","urlTemplate":"https:\/\/www.versoverde.it\/fr\/?s={search_term_string}"},"query-input":{"@type":"PropertyValueSpecification","valueRequired":true,"valueName":"search_term_string"}}],"inLanguage":"fr-FR"}]}},"acf":[],"_links":{"self":[{"href":"https:\/\/www.versoverde.it\/fr\/wp-json\/wp\/v2\/pages\/644","targetHints":{"allow":["GET"]}}],"collection":[{"href":"https:\/\/www.versoverde.it\/fr\/wp-json\/wp\/v2\/pages"}],"about":[{"href":"https:\/\/www.versoverde.it\/fr\/wp-json\/wp\/v2\/types\/page"}],"author":[{"embeddable":true,"href":"https:\/\/www.versoverde.it\/fr\/wp-json\/wp\/v2\/users\/13"}],"replies":[{"embeddable":true,"href":"https:\/\/www.versoverde.it\/fr\/wp-json\/wp\/v2\/comments?post=644"}],"version-history":[{"count":0,"href":"https:\/\/www.versoverde.it\/fr\/wp-json\/wp\/v2\/pages\/644\/revisions"}],"up":[{"embeddable":true,"href":"https:\/\/www.versoverde.it\/fr\/wp-json\/wp\/v2\/pages\/636"}],"wp:attachment":[{"href":"https:\/\/www.versoverde.it\/fr\/wp-json\/wp\/v2\/media?parent=644"}],"curies":[{"name":"wp","href":"https:\/\/api.w.org\/{rel}","templated":true}]}}