{"id":658,"date":"2022-04-27T17:37:54","date_gmt":"2022-04-27T15:37:54","guid":{"rendered":"https:\/\/www.versoverde.it\/?page_id=658"},"modified":"2022-04-27T17:37:54","modified_gmt":"2022-04-27T15:37:54","slug":"depuis-la-gare-porta-garibaldi-de-milan","status":"publish","type":"page","link":"https:\/\/www.versoverde.it\/fr\/comment-nous-joindre\/depuis-la-gare-porta-garibaldi-de-milan\/","title":{"rendered":"Depuis la gare Porta Garibaldi de Milan"},"content":{"rendered":"<p style=\"text-align: center;\">Sortez de la gare et prenez le m\u00e9tro M2 Verde, en direction d&rsquo;Abbiategrasso \/ Assago.<\/p>\n<p style=\"text-align: center;\">Descendez \u00e0 l&rsquo;arr\u00eat Porta Genova FS.<\/p>\n<p style=\"text-align: center;\">\u00c0 l&rsquo;ext\u00e9rieur de la gare de Porta Genova, prenez le tram n\u00b0 2 en direction de Piazzale Negrelli et descendez \u00e0 l&rsquo;arr\u00eat Via Lodovico il Moro apr\u00e8s via Pestalozzi.<\/p>\n<p style=\"text-align: center;\">Traversez le pont et continuez \u00e0 gauche pendant 3 minutes \u00e0 pied.<\/p>\n","protected":false},"excerpt":{"rendered":"<p>Sortez de la gare et prenez le m\u00e9tro M2 Verde, en direction d&rsquo;Abbiategrasso \/ Assago. Descendez \u00e0 l&rsquo;arr\u00eat Porta Genova FS. \u00c0 l&rsquo;ext\u00e9rieur de la gare de Porta Genova, prenez le tram n\u00b0 2 en direction de Piazzale Negrelli et descendez \u00e0 l&rsquo;arr\u00eat Via Lodovico il Moro apr\u00e8s via Pestalozzi. Traversez le pont et continuez [&hellip;]<\/p>\n","protected":false},"author":13,"featured_media":0,"parent":652,"menu_order":60,"comment_status":"closed","ping_status":"closed","template":"","meta":{"footnotes":""},"class_list":["post-658","page","type-page","status-publish","hentry"],"yoast_head":"<!-- This site is optimized with the Yoast SEO plugin v26.9 - https:\/\/yoast.com\/product\/yoast-seo-wordpress\/ -->\n<title>Depuis la gare Porta Garibaldi de Milan &#8226; Verso Verde Milano &#8226;<\/title>\n<meta name=\"description\" content=\"Sortez de la gare et prenez le m\u00e9tro M2 Verde, en direction d&#039;Abbiategrasso \/ Assago. Descendez \u00e0 l&#039;arr\u00eat Porta Genova FS. \u00c0 l&#039;ext\u00e9rieur de la gare de Porta Genova, prenez le tram n\u00b0 2 en direction de Piazzale Negrelli et descendez \u00e0 l&#039;arr\u00eat Via Lodovico il Moro apr\u00e8s via Pestalozzi. Traversez le pont et continuez \u00e0 gauche pendant 3 minutes \u00e0 pied..\" \/>\n<meta name=\"robots\" content=\"index, follow, max-snippet:-1, max-image-preview:large, max-video-preview:-1\" \/>\n<link rel=\"canonical\" href=\"https:\/\/www.versoverde.it\/fr\/comment-nous-joindre\/depuis-la-gare-porta-garibaldi-de-milan\/\" \/>\n<meta property=\"og:locale\" content=\"fr_FR\" \/>\n<meta property=\"og:type\" content=\"article\" \/>\n<meta property=\"og:title\" content=\"Depuis la gare Porta Garibaldi de Milan &#8226; Verso Verde Milano &#8226;\" \/>\n<meta property=\"og:description\" content=\"Sortez de la gare et prenez le m\u00e9tro M2 Verde, en direction d&#039;Abbiategrasso \/ Assago. Descendez \u00e0 l&#039;arr\u00eat Porta Genova FS. \u00c0 l&#039;ext\u00e9rieur de la gare de Porta Genova, prenez le tram n\u00b0 2 en direction de Piazzale Negrelli et descendez \u00e0 l&#039;arr\u00eat Via Lodovico il Moro apr\u00e8s via Pestalozzi. Traversez le pont et continuez \u00e0 gauche pendant 3 minutes \u00e0 pied..\" \/>\n<meta property=\"og:url\" content=\"https:\/\/www.versoverde.it\/fr\/comment-nous-joindre\/depuis-la-gare-porta-garibaldi-de-milan\/\" \/>\n<meta property=\"og:site_name\" content=\"Verso Verde Milano\" \/>\n<meta name=\"twitter:card\" content=\"summary_large_image\" \/>\n<script type=\"application\/ld+json\" class=\"yoast-schema-graph\">{\"@context\":\"https:\/\/schema.org\",\"@graph\":[{\"@type\":\"WebPage\",\"@id\":\"https:\/\/www.versoverde.it\/fr\/comment-nous-joindre\/depuis-la-gare-porta-garibaldi-de-milan\/\",\"url\":\"https:\/\/www.versoverde.it\/fr\/comment-nous-joindre\/depuis-la-gare-porta-garibaldi-de-milan\/\",\"name\":\"Depuis la gare Porta Garibaldi de Milan &#8226; Verso Verde Milano &#8226;\",\"isPartOf\":{\"@id\":\"https:\/\/www.versoverde.it\/fr\/#website\"},\"datePublished\":\"2022-04-27T15:37:54+00:00\",\"description\":\"Sortez de la gare et prenez le m\u00e9tro M2 Verde, en direction d'Abbiategrasso \/ Assago. Descendez \u00e0 l'arr\u00eat Porta Genova FS. \u00c0 l'ext\u00e9rieur de la gare de Porta Genova, prenez le tram n\u00b0 2 en direction de Piazzale Negrelli et descendez \u00e0 l'arr\u00eat Via Lodovico il Moro apr\u00e8s via Pestalozzi. Traversez le pont et continuez \u00e0 gauche pendant 3 minutes \u00e0 pied. .\",\"breadcrumb\":{\"@id\":\"https:\/\/www.versoverde.it\/fr\/comment-nous-joindre\/depuis-la-gare-porta-garibaldi-de-milan\/#breadcrumb\"},\"inLanguage\":\"fr-FR\",\"potentialAction\":[{\"@type\":\"ReadAction\",\"target\":[\"https:\/\/www.versoverde.it\/fr\/comment-nous-joindre\/depuis-la-gare-porta-garibaldi-de-milan\/\"]}]},{\"@type\":\"BreadcrumbList\",\"@id\":\"https:\/\/www.versoverde.it\/fr\/comment-nous-joindre\/depuis-la-gare-porta-garibaldi-de-milan\/#breadcrumb\",\"itemListElement\":[{\"@type\":\"ListItem\",\"position\":1,\"name\":\"Home\",\"item\":\"https:\/\/www.versoverde.it\/fr\/\"},{\"@type\":\"ListItem\",\"position\":2,\"name\":\"Comment nous joindre\",\"item\":\"https:\/\/www.versoverde.it\/fr\/comment-nous-joindre\/\"},{\"@type\":\"ListItem\",\"position\":3,\"name\":\"Depuis la gare Porta Garibaldi de Milan\"}]},{\"@type\":\"WebSite\",\"@id\":\"https:\/\/www.versoverde.it\/fr\/#website\",\"url\":\"https:\/\/www.versoverde.it\/fr\/\",\"name\":\"Verso Verde Milano\",\"description\":\"Ecco un altro sito ms.decms.eu\",\"potentialAction\":[{\"@type\":\"SearchAction\",\"target\":{\"@type\":\"EntryPoint\",\"urlTemplate\":\"https:\/\/www.versoverde.it\/fr\/?s={search_term_string}\"},\"query-input\":{\"@type\":\"PropertyValueSpecification\",\"valueRequired\":true,\"valueName\":\"search_term_string\"}}],\"inLanguage\":\"fr-FR\"}]}<\/script>\n<!-- \/ Yoast SEO plugin. -->","yoast_head_json":{"title":"Depuis la gare Porta Garibaldi de Milan &#8226; Verso Verde Milano &#8226;","description":"Sortez de la gare et prenez le m\u00e9tro M2 Verde, en direction d'Abbiategrasso \/ Assago. Descendez \u00e0 l'arr\u00eat Porta Genova FS. \u00c0 l'ext\u00e9rieur de la gare de Porta Genova, prenez le tram n\u00b0 2 en direction de Piazzale Negrelli et descendez \u00e0 l'arr\u00eat Via Lodovico il Moro apr\u00e8s via Pestalozzi. Traversez le pont et continuez \u00e0 gauche pendant 3 minutes \u00e0 pied..","robots":{"index":"index","follow":"follow","max-snippet":"max-snippet:-1","max-image-preview":"max-image-preview:large","max-video-preview":"max-video-preview:-1"},"canonical":"https:\/\/www.versoverde.it\/fr\/comment-nous-joindre\/depuis-la-gare-porta-garibaldi-de-milan\/","og_locale":"fr_FR","og_type":"article","og_title":"Depuis la gare Porta Garibaldi de Milan &#8226; Verso Verde Milano &#8226;","og_description":"Sortez de la gare et prenez le m\u00e9tro M2 Verde, en direction d'Abbiategrasso \/ Assago. Descendez \u00e0 l'arr\u00eat Porta Genova FS. \u00c0 l'ext\u00e9rieur de la gare de Porta Genova, prenez le tram n\u00b0 2 en direction de Piazzale Negrelli et descendez \u00e0 l'arr\u00eat Via Lodovico il Moro apr\u00e8s via Pestalozzi. Traversez le pont et continuez \u00e0 gauche pendant 3 minutes \u00e0 pied..","og_url":"https:\/\/www.versoverde.it\/fr\/comment-nous-joindre\/depuis-la-gare-porta-garibaldi-de-milan\/","og_site_name":"Verso Verde Milano","twitter_card":"summary_large_image","schema":{"@context":"https:\/\/schema.org","@graph":[{"@type":"WebPage","@id":"https:\/\/www.versoverde.it\/fr\/comment-nous-joindre\/depuis-la-gare-porta-garibaldi-de-milan\/","url":"https:\/\/www.versoverde.it\/fr\/comment-nous-joindre\/depuis-la-gare-porta-garibaldi-de-milan\/","name":"Depuis la gare Porta Garibaldi de Milan &#8226; Verso Verde Milano &#8226;","isPartOf":{"@id":"https:\/\/www.versoverde.it\/fr\/#website"},"datePublished":"2022-04-27T15:37:54+00:00","description":"Sortez de la gare et prenez le m\u00e9tro M2 Verde, en direction d'Abbiategrasso \/ Assago. Descendez \u00e0 l'arr\u00eat Porta Genova FS. \u00c0 l'ext\u00e9rieur de la gare de Porta Genova, prenez le tram n\u00b0 2 en direction de Piazzale Negrelli et descendez \u00e0 l'arr\u00eat Via Lodovico il Moro apr\u00e8s via Pestalozzi. Traversez le pont et continuez \u00e0 gauche pendant 3 minutes \u00e0 pied. .","breadcrumb":{"@id":"https:\/\/www.versoverde.it\/fr\/comment-nous-joindre\/depuis-la-gare-porta-garibaldi-de-milan\/#breadcrumb"},"inLanguage":"fr-FR","potentialAction":[{"@type":"ReadAction","target":["https:\/\/www.versoverde.it\/fr\/comment-nous-joindre\/depuis-la-gare-porta-garibaldi-de-milan\/"]}]},{"@type":"BreadcrumbList","@id":"https:\/\/www.versoverde.it\/fr\/comment-nous-joindre\/depuis-la-gare-porta-garibaldi-de-milan\/#breadcrumb","itemListElement":[{"@type":"ListItem","position":1,"name":"Home","item":"https:\/\/www.versoverde.it\/fr\/"},{"@type":"ListItem","position":2,"name":"Comment nous joindre","item":"https:\/\/www.versoverde.it\/fr\/comment-nous-joindre\/"},{"@type":"ListItem","position":3,"name":"Depuis la gare Porta Garibaldi de Milan"}]},{"@type":"WebSite","@id":"https:\/\/www.versoverde.it\/fr\/#website","url":"https:\/\/www.versoverde.it\/fr\/","name":"Verso Verde Milano","description":"Ecco un altro sito ms.decms.eu","potentialAction":[{"@type":"SearchAction","target":{"@type":"EntryPoint","urlTemplate":"https:\/\/www.versoverde.it\/fr\/?s={search_term_string}"},"query-input":{"@type":"PropertyValueSpecification","valueRequired":true,"valueName":"search_term_string"}}],"inLanguage":"fr-FR"}]}},"acf":[],"_links":{"self":[{"href":"https:\/\/www.versoverde.it\/fr\/wp-json\/wp\/v2\/pages\/658","targetHints":{"allow":["GET"]}}],"collection":[{"href":"https:\/\/www.versoverde.it\/fr\/wp-json\/wp\/v2\/pages"}],"about":[{"href":"https:\/\/www.versoverde.it\/fr\/wp-json\/wp\/v2\/types\/page"}],"author":[{"embeddable":true,"href":"https:\/\/www.versoverde.it\/fr\/wp-json\/wp\/v2\/users\/13"}],"replies":[{"embeddable":true,"href":"https:\/\/www.versoverde.it\/fr\/wp-json\/wp\/v2\/comments?post=658"}],"version-history":[{"count":0,"href":"https:\/\/www.versoverde.it\/fr\/wp-json\/wp\/v2\/pages\/658\/revisions"}],"up":[{"embeddable":true,"href":"https:\/\/www.versoverde.it\/fr\/wp-json\/wp\/v2\/pages\/652"}],"wp:attachment":[{"href":"https:\/\/www.versoverde.it\/fr\/wp-json\/wp\/v2\/media?parent=658"}],"curies":[{"name":"wp","href":"https:\/\/api.w.org\/{rel}","templated":true}]}}