{"id":660,"date":"2022-04-27T17:38:33","date_gmt":"2022-04-27T15:38:33","guid":{"rendered":"https:\/\/www.versoverde.it\/?page_id=660"},"modified":"2025-03-11T10:06:35","modified_gmt":"2025-03-11T09:06:35","slug":"metre","status":"publish","type":"page","link":"https:\/\/www.versoverde.it\/fr\/comment-nous-joindre\/metre\/","title":{"rendered":"M\u00e9tro"},"content":{"rendered":"<p style=\"text-align: center\">L&rsquo;arr\u00eat le plus proche de VersoVerde est Porta Genova FS.<\/p>\n<p style=\"text-align: center\">Depuis n&rsquo;importe quelle station de m\u00e9tro, acc\u00e9dez \u00e0 un point de connexion avec le m\u00e9tro M2 Verde, puis prenez-le en direction de Porta Genova.<\/p>\n<p style=\"text-align: center\">Descendez \u00e0 l&rsquo;arr\u00eat Porta Genova FS.<\/p>\n<p style=\"text-align: center\">\u00c0 l&rsquo;ext\u00e9rieur de la gare de Porta Genova, prenez le tram n\u00b0 2 en direction de Piazzale Negrelli et descendez \u00e0 l&rsquo;arr\u00eat Via Lodovico il Moro apr\u00e8s via Pestalozzi.<\/p>\n<p style=\"text-align: center\">Traverser le pont de San Cristoforo et continuer \u00e0 gauche pendant 3 minutes \u00e0 pied.<\/p>\n<p>&nbsp;<\/p>\n<p style=\"text-align: center\">Il est \u00e9galement possible de rejoindre VersoVerde avec le nouveau m\u00e9tro bleu M4,<\/p>\n<p style=\"text-align: center\">qui relie l&rsquo;h\u00f4tel \u00e0 l&rsquo;a\u00e9roport de Linate.<\/p>\n<p style=\"text-align: center\">L&rsquo;arr\u00eat le plus proche est Tolstoj.<\/p>\n","protected":false},"excerpt":{"rendered":"<p>L&rsquo;arr\u00eat le plus proche de VersoVerde est Porta Genova FS. Depuis n&rsquo;importe quelle station de m\u00e9tro, acc\u00e9dez \u00e0 un point de connexion avec le m\u00e9tro M2 Verde, puis prenez-le en direction de Porta Genova. Descendez \u00e0 l&rsquo;arr\u00eat Porta Genova FS. \u00c0 l&rsquo;ext\u00e9rieur de la gare de Porta Genova, prenez le tram n\u00b0 2 en direction [&hellip;]<\/p>\n","protected":false},"author":13,"featured_media":0,"parent":652,"menu_order":30,"comment_status":"closed","ping_status":"closed","template":"","meta":{"footnotes":""},"class_list":["post-660","page","type-page","status-publish","hentry"],"yoast_head":"<!-- This site is optimized with the Yoast SEO plugin v26.9 - https:\/\/yoast.com\/product\/yoast-seo-wordpress\/ -->\n<title>M\u00e9tro &#8226; Verso Verde Milano &#8226;<\/title>\n<meta name=\"description\" content=\"L&#039;arr\u00eat le plus proche de VersoVerde est Porta Genova FS. Depuis n&#039;importe quelle station de m\u00e9tro, acc\u00e9dez \u00e0 un point de connexion avec le m\u00e9tro M2 Verde, puis prenez-le en direction de Porta Genova. Descendez \u00e0 l&#039;arr\u00eat Porta Genova FS. \u00c0 l&#039;ext\u00e9rieur de la gare de Porta Genova, prenez le tram n\u00b0 2 en direction de Piazzale Negrelli et descendez \u00e0 l&#039;arr\u00eat Via Lodovico il Moro apr\u00e8s via Pestalozzi. Traverser le pont de San Cristoforo et continuer \u00e0 gauche pendant 3 minutes \u00e0 pied. &nbsp; Il est \u00e9galement possible de rejoindre VersoVerde avec le nouveau m\u00e9tro bleu M4, qui relie l&#039;h\u00f4tel \u00e0 l&#039;a\u00e9roport de Linate. L&#039;arr\u00eat le plus proche est Tolstoj..\" \/>\n<meta name=\"robots\" content=\"index, follow, max-snippet:-1, max-image-preview:large, max-video-preview:-1\" \/>\n<link rel=\"canonical\" href=\"https:\/\/www.versoverde.it\/fr\/comment-nous-joindre\/metre\/\" \/>\n<meta property=\"og:locale\" content=\"fr_FR\" \/>\n<meta property=\"og:type\" content=\"article\" \/>\n<meta property=\"og:title\" content=\"M\u00e9tro &#8226; Verso Verde Milano &#8226;\" \/>\n<meta property=\"og:description\" content=\"L&#039;arr\u00eat le plus proche de VersoVerde est Porta Genova FS. Depuis n&#039;importe quelle station de m\u00e9tro, acc\u00e9dez \u00e0 un point de connexion avec le m\u00e9tro M2 Verde, puis prenez-le en direction de Porta Genova. Descendez \u00e0 l&#039;arr\u00eat Porta Genova FS. \u00c0 l&#039;ext\u00e9rieur de la gare de Porta Genova, prenez le tram n\u00b0 2 en direction de Piazzale Negrelli et descendez \u00e0 l&#039;arr\u00eat Via Lodovico il Moro apr\u00e8s via Pestalozzi. Traverser le pont de San Cristoforo et continuer \u00e0 gauche pendant 3 minutes \u00e0 pied. &nbsp; Il est \u00e9galement possible de rejoindre VersoVerde avec le nouveau m\u00e9tro bleu M4, qui relie l&#039;h\u00f4tel \u00e0 l&#039;a\u00e9roport de Linate. L&#039;arr\u00eat le plus proche est Tolstoj..\" \/>\n<meta property=\"og:url\" content=\"https:\/\/www.versoverde.it\/fr\/comment-nous-joindre\/metre\/\" \/>\n<meta property=\"og:site_name\" content=\"Verso Verde Milano\" \/>\n<meta property=\"article:modified_time\" content=\"2025-03-11T09:06:35+00:00\" \/>\n<meta name=\"twitter:card\" content=\"summary_large_image\" \/>\n<meta name=\"twitter:label1\" content=\"Dur\u00e9e de lecture estim\u00e9e\" \/>\n\t<meta name=\"twitter:data1\" content=\"1 minute\" \/>\n<script type=\"application\/ld+json\" class=\"yoast-schema-graph\">{\"@context\":\"https:\/\/schema.org\",\"@graph\":[{\"@type\":\"WebPage\",\"@id\":\"https:\/\/www.versoverde.it\/fr\/comment-nous-joindre\/metre\/\",\"url\":\"https:\/\/www.versoverde.it\/fr\/comment-nous-joindre\/metre\/\",\"name\":\"M\u00e9tro &#8226; Verso Verde Milano &#8226;\",\"isPartOf\":{\"@id\":\"https:\/\/www.versoverde.it\/fr\/#website\"},\"datePublished\":\"2022-04-27T15:38:33+00:00\",\"dateModified\":\"2025-03-11T09:06:35+00:00\",\"description\":\"L'arr\u00eat le plus proche de VersoVerde est Porta Genova FS. Depuis n'importe quelle station de m\u00e9tro, acc\u00e9dez \u00e0 un point de connexion avec le m\u00e9tro M2 Verde, puis prenez-le en direction de Porta Genova. Descendez \u00e0 l'arr\u00eat Porta Genova FS. \u00c0 l'ext\u00e9rieur de la gare de Porta Genova, prenez le tram n\u00b0 2 en direction de Piazzale Negrelli et descendez \u00e0 l'arr\u00eat Via Lodovico il Moro apr\u00e8s via Pestalozzi. Traverser le pont de San Cristoforo et continuer \u00e0 gauche pendant 3 minutes \u00e0 pied. &nbsp; Il est \u00e9galement possible de rejoindre VersoVerde avec le nouveau m\u00e9tro bleu M4, qui relie l'h\u00f4tel \u00e0 l'a\u00e9roport de Linate. L'arr\u00eat le plus proche est Tolstoj. .\",\"breadcrumb\":{\"@id\":\"https:\/\/www.versoverde.it\/fr\/comment-nous-joindre\/metre\/#breadcrumb\"},\"inLanguage\":\"fr-FR\",\"potentialAction\":[{\"@type\":\"ReadAction\",\"target\":[\"https:\/\/www.versoverde.it\/fr\/comment-nous-joindre\/metre\/\"]}]},{\"@type\":\"BreadcrumbList\",\"@id\":\"https:\/\/www.versoverde.it\/fr\/comment-nous-joindre\/metre\/#breadcrumb\",\"itemListElement\":[{\"@type\":\"ListItem\",\"position\":1,\"name\":\"Home\",\"item\":\"https:\/\/www.versoverde.it\/fr\/\"},{\"@type\":\"ListItem\",\"position\":2,\"name\":\"Comment nous joindre\",\"item\":\"https:\/\/www.versoverde.it\/fr\/comment-nous-joindre\/\"},{\"@type\":\"ListItem\",\"position\":3,\"name\":\"M\u00e9tro\"}]},{\"@type\":\"WebSite\",\"@id\":\"https:\/\/www.versoverde.it\/fr\/#website\",\"url\":\"https:\/\/www.versoverde.it\/fr\/\",\"name\":\"Verso Verde Milano\",\"description\":\"Ecco un altro sito ms.decms.eu\",\"potentialAction\":[{\"@type\":\"SearchAction\",\"target\":{\"@type\":\"EntryPoint\",\"urlTemplate\":\"https:\/\/www.versoverde.it\/fr\/?s={search_term_string}\"},\"query-input\":{\"@type\":\"PropertyValueSpecification\",\"valueRequired\":true,\"valueName\":\"search_term_string\"}}],\"inLanguage\":\"fr-FR\"}]}<\/script>\n<!-- \/ Yoast SEO plugin. -->","yoast_head_json":{"title":"M\u00e9tro &#8226; Verso Verde Milano &#8226;","description":"L'arr\u00eat le plus proche de VersoVerde est Porta Genova FS. Depuis n'importe quelle station de m\u00e9tro, acc\u00e9dez \u00e0 un point de connexion avec le m\u00e9tro M2 Verde, puis prenez-le en direction de Porta Genova. Descendez \u00e0 l'arr\u00eat Porta Genova FS. \u00c0 l'ext\u00e9rieur de la gare de Porta Genova, prenez le tram n\u00b0 2 en direction de Piazzale Negrelli et descendez \u00e0 l'arr\u00eat Via Lodovico il Moro apr\u00e8s via Pestalozzi. Traverser le pont de San Cristoforo et continuer \u00e0 gauche pendant 3 minutes \u00e0 pied. &nbsp; Il est \u00e9galement possible de rejoindre VersoVerde avec le nouveau m\u00e9tro bleu M4, qui relie l'h\u00f4tel \u00e0 l'a\u00e9roport de Linate. L'arr\u00eat le plus proche est Tolstoj..","robots":{"index":"index","follow":"follow","max-snippet":"max-snippet:-1","max-image-preview":"max-image-preview:large","max-video-preview":"max-video-preview:-1"},"canonical":"https:\/\/www.versoverde.it\/fr\/comment-nous-joindre\/metre\/","og_locale":"fr_FR","og_type":"article","og_title":"M\u00e9tro &#8226; Verso Verde Milano &#8226;","og_description":"L'arr\u00eat le plus proche de VersoVerde est Porta Genova FS. Depuis n'importe quelle station de m\u00e9tro, acc\u00e9dez \u00e0 un point de connexion avec le m\u00e9tro M2 Verde, puis prenez-le en direction de Porta Genova. Descendez \u00e0 l'arr\u00eat Porta Genova FS. \u00c0 l'ext\u00e9rieur de la gare de Porta Genova, prenez le tram n\u00b0 2 en direction de Piazzale Negrelli et descendez \u00e0 l'arr\u00eat Via Lodovico il Moro apr\u00e8s via Pestalozzi. Traverser le pont de San Cristoforo et continuer \u00e0 gauche pendant 3 minutes \u00e0 pied. &nbsp; Il est \u00e9galement possible de rejoindre VersoVerde avec le nouveau m\u00e9tro bleu M4, qui relie l'h\u00f4tel \u00e0 l'a\u00e9roport de Linate. L'arr\u00eat le plus proche est Tolstoj..","og_url":"https:\/\/www.versoverde.it\/fr\/comment-nous-joindre\/metre\/","og_site_name":"Verso Verde Milano","article_modified_time":"2025-03-11T09:06:35+00:00","twitter_card":"summary_large_image","twitter_misc":{"Dur\u00e9e de lecture estim\u00e9e":"1 minute"},"schema":{"@context":"https:\/\/schema.org","@graph":[{"@type":"WebPage","@id":"https:\/\/www.versoverde.it\/fr\/comment-nous-joindre\/metre\/","url":"https:\/\/www.versoverde.it\/fr\/comment-nous-joindre\/metre\/","name":"M\u00e9tro &#8226; Verso Verde Milano &#8226;","isPartOf":{"@id":"https:\/\/www.versoverde.it\/fr\/#website"},"datePublished":"2022-04-27T15:38:33+00:00","dateModified":"2025-03-11T09:06:35+00:00","description":"L'arr\u00eat le plus proche de VersoVerde est Porta Genova FS. Depuis n'importe quelle station de m\u00e9tro, acc\u00e9dez \u00e0 un point de connexion avec le m\u00e9tro M2 Verde, puis prenez-le en direction de Porta Genova. Descendez \u00e0 l'arr\u00eat Porta Genova FS. \u00c0 l'ext\u00e9rieur de la gare de Porta Genova, prenez le tram n\u00b0 2 en direction de Piazzale Negrelli et descendez \u00e0 l'arr\u00eat Via Lodovico il Moro apr\u00e8s via Pestalozzi. Traverser le pont de San Cristoforo et continuer \u00e0 gauche pendant 3 minutes \u00e0 pied. &nbsp; Il est \u00e9galement possible de rejoindre VersoVerde avec le nouveau m\u00e9tro bleu M4, qui relie l'h\u00f4tel \u00e0 l'a\u00e9roport de Linate. L'arr\u00eat le plus proche est Tolstoj. .","breadcrumb":{"@id":"https:\/\/www.versoverde.it\/fr\/comment-nous-joindre\/metre\/#breadcrumb"},"inLanguage":"fr-FR","potentialAction":[{"@type":"ReadAction","target":["https:\/\/www.versoverde.it\/fr\/comment-nous-joindre\/metre\/"]}]},{"@type":"BreadcrumbList","@id":"https:\/\/www.versoverde.it\/fr\/comment-nous-joindre\/metre\/#breadcrumb","itemListElement":[{"@type":"ListItem","position":1,"name":"Home","item":"https:\/\/www.versoverde.it\/fr\/"},{"@type":"ListItem","position":2,"name":"Comment nous joindre","item":"https:\/\/www.versoverde.it\/fr\/comment-nous-joindre\/"},{"@type":"ListItem","position":3,"name":"M\u00e9tro"}]},{"@type":"WebSite","@id":"https:\/\/www.versoverde.it\/fr\/#website","url":"https:\/\/www.versoverde.it\/fr\/","name":"Verso Verde Milano","description":"Ecco un altro sito ms.decms.eu","potentialAction":[{"@type":"SearchAction","target":{"@type":"EntryPoint","urlTemplate":"https:\/\/www.versoverde.it\/fr\/?s={search_term_string}"},"query-input":{"@type":"PropertyValueSpecification","valueRequired":true,"valueName":"search_term_string"}}],"inLanguage":"fr-FR"}]}},"acf":[],"_links":{"self":[{"href":"https:\/\/www.versoverde.it\/fr\/wp-json\/wp\/v2\/pages\/660","targetHints":{"allow":["GET"]}}],"collection":[{"href":"https:\/\/www.versoverde.it\/fr\/wp-json\/wp\/v2\/pages"}],"about":[{"href":"https:\/\/www.versoverde.it\/fr\/wp-json\/wp\/v2\/types\/page"}],"author":[{"embeddable":true,"href":"https:\/\/www.versoverde.it\/fr\/wp-json\/wp\/v2\/users\/13"}],"replies":[{"embeddable":true,"href":"https:\/\/www.versoverde.it\/fr\/wp-json\/wp\/v2\/comments?post=660"}],"version-history":[{"count":0,"href":"https:\/\/www.versoverde.it\/fr\/wp-json\/wp\/v2\/pages\/660\/revisions"}],"up":[{"embeddable":true,"href":"https:\/\/www.versoverde.it\/fr\/wp-json\/wp\/v2\/pages\/652"}],"wp:attachment":[{"href":"https:\/\/www.versoverde.it\/fr\/wp-json\/wp\/v2\/media?parent=660"}],"curies":[{"name":"wp","href":"https:\/\/api.w.org\/{rel}","templated":true}]}}