{"id":666,"date":"2022-04-27T17:47:00","date_gmt":"2022-04-27T15:47:00","guid":{"rendered":"https:\/\/www.versoverde.it\/?page_id=666"},"modified":"2026-02-12T12:25:02","modified_gmt":"2026-02-12T11:25:02","slug":"contacts","status":"publish","type":"page","link":"https:\/\/www.versoverde.it\/fr\/contacts\/","title":{"rendered":"Contacts"},"content":{"rendered":"<p style=\"text-align: center\"><strong>H\u00d4TEL VERSOVERDE<\/strong><\/p>\n<p style=\"text-align: center\"><strong>Adresse<\/strong> Alzaia Naviglio Grande 152, 20144 Milan<br \/>\n<strong>e-mail<\/strong> info@versoverde.it<\/p>\n<p style=\"text-align: center\">t\u00e9l. +39 02 36638980 (infos et r\u00e9servations)<br \/>\n<strong>fax<\/strong> +39 02 36638981<\/p>\n<p style=\"text-align: center\"><strong>directeur g\u00e9n\u00e9ral<\/strong> +39 340 7410981<br \/>\n<strong>marketing<\/strong> +39 344 3479772<\/p>\n<p style=\"text-align: center\"><strong>Heures de r\u00e9ception<\/strong><br \/>\n<strong>Lundi &#8211; Dimanche<\/strong><br \/>\n07.00 &#8211; 23.00<\/p>\n","protected":false},"excerpt":{"rendered":"<p>H\u00d4TEL VERSOVERDE Adresse Alzaia Naviglio Grande 152, 20144 Milan e-mail info@versoverde.it t\u00e9l. +39 02 36638980 (infos et r\u00e9servations) fax +39 02 36638981 directeur g\u00e9n\u00e9ral +39 340 7410981 marketing +39 344 3479772 Heures de r\u00e9ception Lundi &#8211; Dimanche 07.00 &#8211; 23.00<\/p>\n","protected":false},"author":13,"featured_media":0,"parent":0,"menu_order":115,"comment_status":"closed","ping_status":"closed","template":"template-contacts.php","meta":{"footnotes":""},"class_list":["post-666","page","type-page","status-publish","hentry"],"yoast_head":"<!-- This site is optimized with the Yoast SEO plugin v26.9 - https:\/\/yoast.com\/product\/yoast-seo-wordpress\/ -->\n<title>Contacts &#8226; Verso Verde Milano &#8226;<\/title>\n<meta name=\"description\" content=\"H\u00d4TEL VERSOVERDE Adresse Alzaia Naviglio Grande 152, 20144 Milan e-mail info@versoverde.it t\u00e9l. +39 02 36638980 (infos et r\u00e9servations) fax +39 02 36638981 directeur g\u00e9n\u00e9ral +39 340 7410981 marketing +39 344 3479772 Heures de r\u00e9ception Lundi - Dimanche 07.00 - 23.00\" \/>\n<meta name=\"robots\" content=\"index, follow, max-snippet:-1, max-image-preview:large, max-video-preview:-1\" \/>\n<link rel=\"canonical\" href=\"https:\/\/www.versoverde.it\/fr\/contacts\/\" \/>\n<meta property=\"og:locale\" content=\"fr_FR\" \/>\n<meta property=\"og:type\" content=\"article\" \/>\n<meta property=\"og:title\" content=\"Contacts &#8226; Verso Verde Milano &#8226;\" \/>\n<meta property=\"og:description\" content=\"H\u00d4TEL VERSOVERDE Adresse Alzaia Naviglio Grande 152, 20144 Milan e-mail info@versoverde.it t\u00e9l. +39 02 36638980 (infos et r\u00e9servations) fax +39 02 36638981 directeur g\u00e9n\u00e9ral +39 340 7410981 marketing +39 344 3479772 Heures de r\u00e9ception Lundi - Dimanche 07.00 - 23.00\" \/>\n<meta property=\"og:url\" content=\"https:\/\/www.versoverde.it\/fr\/contacts\/\" \/>\n<meta property=\"og:site_name\" content=\"Verso Verde Milano\" \/>\n<meta property=\"article:modified_time\" content=\"2026-02-12T11:25:02+00:00\" \/>\n<meta name=\"twitter:card\" content=\"summary_large_image\" \/>\n<meta name=\"twitter:label1\" content=\"Dur\u00e9e de lecture estim\u00e9e\" \/>\n\t<meta name=\"twitter:data1\" content=\"1 minute\" \/>\n<script type=\"application\/ld+json\" class=\"yoast-schema-graph\">{\"@context\":\"https:\/\/schema.org\",\"@graph\":[{\"@type\":\"WebPage\",\"@id\":\"https:\/\/www.versoverde.it\/fr\/contacts\/\",\"url\":\"https:\/\/www.versoverde.it\/fr\/contacts\/\",\"name\":\"Contacts &#8226; Verso Verde Milano &#8226;\",\"isPartOf\":{\"@id\":\"https:\/\/www.versoverde.it\/fr\/#website\"},\"datePublished\":\"2022-04-27T15:47:00+00:00\",\"dateModified\":\"2026-02-12T11:25:02+00:00\",\"description\":\"H\u00d4TEL VERSOVERDE Adresse Alzaia Naviglio Grande 152, 20144 Milan e-mail info@versoverde.it t\u00e9l. +39 02 36638980 (infos et r\u00e9servations) fax +39 02 36638981 directeur g\u00e9n\u00e9ral +39 340 7410981 marketing +39 344 3479772 Heures de r\u00e9ception Lundi - Dimanche 07.00 - 23.00\",\"breadcrumb\":{\"@id\":\"https:\/\/www.versoverde.it\/fr\/contacts\/#breadcrumb\"},\"inLanguage\":\"fr-FR\",\"potentialAction\":[{\"@type\":\"ReadAction\",\"target\":[\"https:\/\/www.versoverde.it\/fr\/contacts\/\"]}]},{\"@type\":\"BreadcrumbList\",\"@id\":\"https:\/\/www.versoverde.it\/fr\/contacts\/#breadcrumb\",\"itemListElement\":[{\"@type\":\"ListItem\",\"position\":1,\"name\":\"Home\",\"item\":\"https:\/\/www.versoverde.it\/fr\/\"},{\"@type\":\"ListItem\",\"position\":2,\"name\":\"Contacts\"}]},{\"@type\":\"WebSite\",\"@id\":\"https:\/\/www.versoverde.it\/fr\/#website\",\"url\":\"https:\/\/www.versoverde.it\/fr\/\",\"name\":\"Verso Verde Milano\",\"description\":\"Ecco un altro sito ms.decms.eu\",\"potentialAction\":[{\"@type\":\"SearchAction\",\"target\":{\"@type\":\"EntryPoint\",\"urlTemplate\":\"https:\/\/www.versoverde.it\/fr\/?s={search_term_string}\"},\"query-input\":{\"@type\":\"PropertyValueSpecification\",\"valueRequired\":true,\"valueName\":\"search_term_string\"}}],\"inLanguage\":\"fr-FR\"}]}<\/script>\n<!-- \/ Yoast SEO plugin. -->","yoast_head_json":{"title":"Contacts &#8226; Verso Verde Milano &#8226;","description":"H\u00d4TEL VERSOVERDE Adresse Alzaia Naviglio Grande 152, 20144 Milan e-mail info@versoverde.it t\u00e9l. +39 02 36638980 (infos et r\u00e9servations) fax +39 02 36638981 directeur g\u00e9n\u00e9ral +39 340 7410981 marketing +39 344 3479772 Heures de r\u00e9ception Lundi - Dimanche 07.00 - 23.00","robots":{"index":"index","follow":"follow","max-snippet":"max-snippet:-1","max-image-preview":"max-image-preview:large","max-video-preview":"max-video-preview:-1"},"canonical":"https:\/\/www.versoverde.it\/fr\/contacts\/","og_locale":"fr_FR","og_type":"article","og_title":"Contacts &#8226; Verso Verde Milano &#8226;","og_description":"H\u00d4TEL VERSOVERDE Adresse Alzaia Naviglio Grande 152, 20144 Milan e-mail info@versoverde.it t\u00e9l. +39 02 36638980 (infos et r\u00e9servations) fax +39 02 36638981 directeur g\u00e9n\u00e9ral +39 340 7410981 marketing +39 344 3479772 Heures de r\u00e9ception Lundi - Dimanche 07.00 - 23.00","og_url":"https:\/\/www.versoverde.it\/fr\/contacts\/","og_site_name":"Verso Verde Milano","article_modified_time":"2026-02-12T11:25:02+00:00","twitter_card":"summary_large_image","twitter_misc":{"Dur\u00e9e de lecture estim\u00e9e":"1 minute"},"schema":{"@context":"https:\/\/schema.org","@graph":[{"@type":"WebPage","@id":"https:\/\/www.versoverde.it\/fr\/contacts\/","url":"https:\/\/www.versoverde.it\/fr\/contacts\/","name":"Contacts &#8226; Verso Verde Milano &#8226;","isPartOf":{"@id":"https:\/\/www.versoverde.it\/fr\/#website"},"datePublished":"2022-04-27T15:47:00+00:00","dateModified":"2026-02-12T11:25:02+00:00","description":"H\u00d4TEL VERSOVERDE Adresse Alzaia Naviglio Grande 152, 20144 Milan e-mail info@versoverde.it t\u00e9l. +39 02 36638980 (infos et r\u00e9servations) fax +39 02 36638981 directeur g\u00e9n\u00e9ral +39 340 7410981 marketing +39 344 3479772 Heures de r\u00e9ception Lundi - Dimanche 07.00 - 23.00","breadcrumb":{"@id":"https:\/\/www.versoverde.it\/fr\/contacts\/#breadcrumb"},"inLanguage":"fr-FR","potentialAction":[{"@type":"ReadAction","target":["https:\/\/www.versoverde.it\/fr\/contacts\/"]}]},{"@type":"BreadcrumbList","@id":"https:\/\/www.versoverde.it\/fr\/contacts\/#breadcrumb","itemListElement":[{"@type":"ListItem","position":1,"name":"Home","item":"https:\/\/www.versoverde.it\/fr\/"},{"@type":"ListItem","position":2,"name":"Contacts"}]},{"@type":"WebSite","@id":"https:\/\/www.versoverde.it\/fr\/#website","url":"https:\/\/www.versoverde.it\/fr\/","name":"Verso Verde Milano","description":"Ecco un altro sito ms.decms.eu","potentialAction":[{"@type":"SearchAction","target":{"@type":"EntryPoint","urlTemplate":"https:\/\/www.versoverde.it\/fr\/?s={search_term_string}"},"query-input":{"@type":"PropertyValueSpecification","valueRequired":true,"valueName":"search_term_string"}}],"inLanguage":"fr-FR"}]}},"acf":[],"_links":{"self":[{"href":"https:\/\/www.versoverde.it\/fr\/wp-json\/wp\/v2\/pages\/666","targetHints":{"allow":["GET"]}}],"collection":[{"href":"https:\/\/www.versoverde.it\/fr\/wp-json\/wp\/v2\/pages"}],"about":[{"href":"https:\/\/www.versoverde.it\/fr\/wp-json\/wp\/v2\/types\/page"}],"author":[{"embeddable":true,"href":"https:\/\/www.versoverde.it\/fr\/wp-json\/wp\/v2\/users\/13"}],"replies":[{"embeddable":true,"href":"https:\/\/www.versoverde.it\/fr\/wp-json\/wp\/v2\/comments?post=666"}],"version-history":[{"count":0,"href":"https:\/\/www.versoverde.it\/fr\/wp-json\/wp\/v2\/pages\/666\/revisions"}],"wp:attachment":[{"href":"https:\/\/www.versoverde.it\/fr\/wp-json\/wp\/v2\/media?parent=666"}],"curies":[{"name":"wp","href":"https:\/\/api.w.org\/{rel}","templated":true}]}}