{"id":679,"date":"2022-04-27T17:50:28","date_gmt":"2022-04-27T15:50:28","guid":{"rendered":"https:\/\/www.versoverde.it\/?page_id=679"},"modified":"2022-05-02T15:44:49","modified_gmt":"2022-05-02T13:44:49","slug":"politique-de-confidentialite-2","status":"publish","type":"page","link":"https:\/\/www.versoverde.it\/fr\/politique-de-confidentialite-2\/","title":{"rendered":"Politique de confidentialit\u00e9"},"content":{"rendered":"<p style=\"text-align: center;\"><strong>AI SENSI DELL\u2019ART. 13 REGOLAMENTO UE 2016\/679<\/strong><\/p>\n<p><strong>Linea Colombo S.r.l.<\/strong> (di seguito la Societ\u00e0) (C.F.\u2013 P.IVA: 03326320961), con sede legale in Casatenovo (LC), 23880, via C. De Brambilla n. 27 e sede operativa Milano (MI), 20144, Alzaia Naviglio Grande n. 150, in qualit\u00e0 di Titolare del trattamento ex artt. 4, par. 1, n. 7) e art. 24 Regolamento UE 2016\/679 (di seguito GDPR) sulla protezione dei dati personali, in adempimento agli obblighi di cui all\u2019art. 13 GDPR, fornisce la presente Informativa che dettaglia finalit\u00e0 e mezzi del trattamento dei Suoi dati personali.<\/p>\n<p>Si precisa che:<\/p>\n<p>&#8211; per <strong>dato personale<\/strong> (ex art. 4, par. 1, n. 1) GDPR) si intende \u2018<em>qualsiasi informazione riguardante una persona fisica identificata o identificabile (\u2018interessato\u2019); si considera identificabile la persona che pu\u00f2 essere identificata, direttamente o indirettamente, con particolare riferimento a un identificativo come il nome, un numero di identificazione, dati relativi all\u2019ubicazione, un identificativo online o a uno o pi\u00f9 elementi caratteristici della sua identit\u00e0 fisica, fisiologica, genetica, psichica, economica, culturale o sociale<\/em>\u2019;<\/p>\n<p>&#8211; per <strong>trattamento di dati personali<\/strong> (ex art. 4, par. 1, n. 2) GDPR) si intende \u2018<em>qualsiasi operazione o insieme di operazioni, compiute con o senza l&rsquo;ausilio di processi automatizzati e applicate a dati personali o insiemi di dati personali, anche se non registrati in una banca di dati, come la raccolta, la registrazione, l&rsquo;organizzazione, la strutturazione, la conservazione, l&rsquo;elaborazione, la selezione, la limitazione, l&rsquo;adattamento o la modifica, l&rsquo;estrazione, la consultazione, l&rsquo;uso, la comunicazione mediante trasmissione, la diffusione o qualsiasi altra forma di messa a disposizione, il raffronto o l&rsquo;interconnessione, la limitazione, la cancellazione o la distruzione<\/em>\u2019.<\/p>\n<p><strong>\u00a0<\/strong><\/p>\n<ol>\n<li><strong> Titolare del trattamento e dati di contatto<\/strong><\/li>\n<\/ol>\n<p>Il Titolare del trattamento, ai sensi dell\u2019art. 24 del GDPR, vale a dire colui che determina le finalit\u00e0 e i mezzi del trattamento \u00e8 <strong>Linea Colombo S.r.l.<\/strong>, i cui dati di contatto sono: con sede legale in Casatenovo (LC), 23880, via C. De Brambilla n. 27 e sede operativa Milano (MI), 20144, Alzaia Naviglio Grande n. 150 \u2013 Tel.: 02. 36638980 &#8211; indirizzo di posta elettronica: <a href=\"mailto:info@versoverde.it\">info@versoverde.it<\/a><\/p>\n<p><strong>\u00a0<\/strong><\/p>\n<ol start=\"2\">\n<li><strong> Dati trattati<\/strong><\/li>\n<\/ol>\n<p><u>Dati di navigazione<\/u><\/p>\n<p>I sistemi informatici e le procedure software preposte al funzionamento di questo sito web acquisiscono, nel corso del loro normale esercizio, alcuni dati personali la cui trasmissione \u00e8 implicita nell\u2019uso dei protocolli di comunicazione di Internet.<\/p>\n<p>Si tratta di informazioni che non sono raccolte per essere associate a interessati identificati, ma che per loro stessa natura potrebbero, attraverso elaborazioni ed associazioni, permettere di identificare gli utenti. In questa categoria di dati rientrano gli indirizzi IP o i nomi a dominio dei computer utilizzati dagli utenti che si connettono al sito, gli indirizzi in notazione URI (Uniform Resource Identifier) delle risorse richieste, l\u2019orario della richiesta, il metodo utilizzato nel sottoporre la richiesta al server, la dimensione del file ottenuto in risposta, il codice numerico indicante lo stato della risposta data dal server (buon fine, errore, ecc.) ed altri parametri relativi al sistema operativo e all\u2019ambiente informatico dell\u2019utente.<\/p>\n<p>Questi dati vengono utilizzati al solo fine di ricavare informazioni statistiche anonime sull\u2019uso del sito e per controllarne il corretto funzionamento e vengono cancellati immediatamente dopo l\u2019elaborazione. I dati potrebbero essere utilizzati per l\u2019accertamento di responsabilit\u00e0 in caso di ipotetici reati informatici ai danni del sito.<\/p>\n<p><u>Dati forniti volontariamente dall\u2019utente<\/u><\/p>\n<p>L\u2019invio facoltativo, esplicito e volontario di posta elettronica agli indirizzi indicati su questo sito, nonch\u00e9 la compilazione del form di contatto o la trasmissione di dati attraverso altre sezioni del sito, comporta la successiva acquisizione dell\u2019indirizzo del mittente, necessario per rispondere alle richieste, nonch\u00e9 degli eventuali altri dati personali inseriti dall\u2019utente.<\/p>\n<p><strong>\u00a0<\/strong><\/p>\n<ol start=\"3\">\n<li><strong> Finalit\u00e0 del Trattamento e base giuridica<\/strong><\/li>\n<\/ol>\n<p><strong>3.1. <\/strong>I Suoi dati personali, oggetto del trattamento, sono utilizzati per le seguenti finalit\u00e0:<\/p>\n<ol>\n<li>a) rispondere alle Sue specifiche richieste;<\/li>\n<li>b) espletare gli obblighi di legge e\/o regolamentari di natura fiscale, amministrativa e contabile;<\/li>\n<li>c) adempiere agli obblighi precontrattuali, contrattuali e fiscali relativi alla conclusione e\/o all\u2019esecuzione di contratti di cui Ella \u00e8 parte;<\/li>\n<li>d) tutelare un proprio diritto,<\/li>\n<li>e)<strong> previo Suo necessario ed esplicito consenso<\/strong>, per inviarLe via mail e\/o posta e\/o sms e\/o mms e\/o contatto telefonico, newsletter, messaggi informativi, comunicazioni commerciali, promozionali e pubblicitarie sui prodotti e servizi offerti dal Titolare nel rispetto dei principi dettati dal GDPR.<\/li>\n<\/ol>\n<p><strong>3.2. <\/strong>Il trattamento dei Suoi dati personali si fonda sull\u2019art. 6, par. 1 lett. b) e c) del GDPR per le finalit\u00e0 di cui all\u2019art. 3.1, lett. a), b), c) e d) della presente Informativa e sull\u2019art. 6, par. 1 lett. a) del GDPR per la finalit\u00e0 di cui all\u2019art. 3.1. lett. e) della presente Informativa.<\/p>\n<p>&nbsp;<\/p>\n<ol start=\"4\">\n<li><strong> Natura del conferimento<\/strong><\/li>\n<\/ol>\n<p>Per le finalit\u00e0 di cui all\u2019art. 3.1, lett. a b), c) e d) della presente Informativa il conferimento dei dati \u00e8 necessario per rispondere alle Sue specifiche richieste e\/o per l\u2019esecuzione dei servizi erogati dal Titolare ed un eventuale rifiuto determina l\u2019impossibilit\u00e0 di fornire gli stessi. Per effettuare i trattamenti di cui all\u2019art. 3.1, lett. a b), c) e d) della presente Informativa non \u00e8 necessario acquisire il consenso dell\u2019Interessato.<\/p>\n<p>Per le finalit\u00e0 di cui all\u2019art. 3.1, lett. e) della presente Informativa il conferimento dei dati \u00e8 facoltativo e non sussistono conseguenze in caso di rifiuto al conferimento, se non l\u2019impossibilit\u00e0 per il Titolare di dare seguito alle relative attivit\u00e0.<\/p>\n<p><strong>\u00a0<\/strong><\/p>\n<ol start=\"5\">\n<li><strong> Modalit\u00e0 del Trattamento<\/strong><\/li>\n<\/ol>\n<p>Il trattamento dei dati avviene attraverso supporto cartaceo, informatico e telematico, anche con l\u2019ausilio di mezzi elettronici, ad opera di soggetti interni appositamente autorizzati e\/o tramite terzi, secondo logiche prettamente collegate alle finalit\u00e0 di cui alla presente. I dati sono conservati in archivi elettronici e cartacei, in modo tale da garantire la sicurezza e la riservatezza dei dati. Il trattamento dei dati personali \u00e8 effettuato nel rispetto dei principi cui \u00e8 ispirato il GDPR.<\/p>\n<p><strong>\u00a0<\/strong><\/p>\n<ol start=\"6\">\n<li><strong> Destinatari dei dati<\/strong><\/li>\n<\/ol>\n<p>Per <strong>Destinatario dei dati <\/strong>si intende, ai sensi dell\u2019art. 4, par. 1, n. 9) GDPR, \u2018<em>la persona fisica o giuridica, il servizio o un altro organismo che riceve comunicazioni di dati personali, che si tratti o meno di terzi. <\/em><em>Tuttavia,<\/em><em> le autorit\u00e0 pubbliche che possono ricevere comunicazione di dati personali nell\u2019ambito di una specifica indagine conformemente al diritto dell\u2019Unione o degli Stati membri non sono considerate destinatari; il trattamento di tali dati da parte di dette autorit\u00e0 pubbliche \u00e8 conforme alle norme applicabili in materia di protezione dei dati secondo le finalit\u00e0 dei trattamenti<\/em>\u2019.<\/p>\n<p>Si evidenzia che, in relazione alle finalit\u00e0 sopra indicate, i dati personali possono essere oggetto di comunicazione a destinatari in rapporto di collaborazione con il Titolare o per l\u2019espletamento degli obblighi di legge. Tali destinatari sono vincolati alla pi\u00f9 assoluta riservatezza in merito a qualsivoglia informazione di cui possano venire a conoscenza e di seguito, a titolo esemplificativo, se ne riportano le categorie.<\/p>\n<p>&#8211; Autorit\u00e0, pubbliche amministrazioni e organi di vigilanza e controllo per i loro fini istituzionali.<\/p>\n<p>&#8211; Dipendenti e\/o collaboratori del Titolare, societ\u00e0 collegate, soggetti, consulenti, societ\u00e0 di consulenza, studi professionali che collaborano con il Titolare per il raggiungimento delle finalit\u00e0 sopra indicate e per l\u2019espletamento degli obblighi di legge.<\/p>\n<p>&#8211; Soggetti che forniscono servizi per la gestione del sistema informatico del Titolare.<\/p>\n<p>&#8211; Professionisti abilitati al fine dello studio e risoluzione di eventuali problemi legali e contrattuali.<\/p>\n<p>&#8211; Banche od organizzazioni similari.<\/p>\n<p>&nbsp;<\/p>\n<ol start=\"7\">\n<li><strong>Luogo del trattamento dei dati ed eventuale trasferimento dei dati extra UE<\/strong><\/li>\n<\/ol>\n<p>L\u2019attivit\u00e0 di trattamento dei dati \u00e8 eseguita all&rsquo;interno di uno Stato membro dell&rsquo;Unione Europea (UE) o all&rsquo;interno di uno Stato membro dello Spazio Economico Europeo (SEE).<\/p>\n<p>Tuttavia, l\u2019attivit\u00e0 di trattamento dei dati potrebbe comportare il trasferimento di dati verso uno Stato non appartenente all\u2019UE o al SEE. In questo caso il Titolare sin da ora garantisce che il trasferimento, qualora necessario, sar\u00e0 effettuato solo alle condizioni specifiche previste dagli articoli 44 e ss. del GDPR.<\/p>\n<p><strong>\u00a0<\/strong><\/p>\n<ol start=\"8\">\n<li><strong> Diffusione e comunicazione dei dati<\/strong><\/li>\n<\/ol>\n<p>I Suoi dati personali non sono oggetto di diffusione n\u00e9 di cessione.<\/p>\n<p>La comunicazione a terzi, diversi dal Titolare e dai Responsabili \u2013 interni o esterni alla struttura organizzativa del Titolare \u2013 individuati e nominati ai sensi degli artt. 24 e 28 GDPR, \u00e8 prevista ove necessaria.<\/p>\n<p>In ogni caso il trattamento da parte di terzi soggetti avverr\u00e0 nel rispetto dei principi di correttezza, proporzionalit\u00e0 e necessariet\u00e0, nonch\u00e9 nel rispetto delle vigenti disposizioni di legge.<\/p>\n<p>&nbsp;<\/p>\n<ol start=\"9\">\n<li><strong> Tempi di conservazione<\/strong><\/li>\n<\/ol>\n<p>I dati saranno conservati nel rispetto del principio di proporzionalit\u00e0 e comunque per un periodo non superiore a 10 anni fiscali, necessario per l\u2019espletamento delle finalit\u00e0 di cui all\u2019art. 3.1, lett. a), b), c) e d) della presente Informativa.<\/p>\n<p>I dati raccolti per le finalit\u00e0 di cui all\u2019art. 3.1, lett. e) della presente Informativa saranno conservati per 24 mesi ovvero fino alla revoca del consenso.<\/p>\n<p><strong>\u00a0<\/strong><\/p>\n<ol start=\"10\">\n<li><strong> Sicurezza dei dati<\/strong><\/li>\n<\/ol>\n<p>Il Titolare adotta le misure tecniche ed organizzative adeguate per la protezione dei dati al fine di prevenire la perdita degli stessi, usi illeciti o non corretti e accessi non autorizzati.<\/p>\n<p><strong>\u00a0<\/strong><\/p>\n<ol start=\"11\">\n<li><strong>Diritti dell\u2019Interessato<\/strong><\/li>\n<\/ol>\n<p>Si comunica che, ai sensi dell\u2019art. 13, par. 2, lett. b) GDPR, in relazione al trattamento dei dati personali in oggetto, al fine di garantire un trattamento corretto e trasparente, possono essere esercitati i seguenti diritti:<\/p>\n<p>&nbsp;<\/p>\n<p>11.1. <u>Diritto di informazione ed accesso<\/u> (ex art. 15 GDPR): al fine di ottenere dal Titolare del trattamento informazioni sull\u2019esistenza o meno di trattamenti di dati che La riguardano nonch\u00e9 l\u2019accesso ai Suoi dati personali e ad informazioni sulle finalit\u00e0 del trattamento, sui destinatari o sulle categorie di destinatari a cui i dati vengono trasmessi.<\/p>\n<p>11.2. <u>Diritto alla rettifica<\/u> (ex art. 16 GDPR), <u>alla cancellazione<\/u> (ex art. 17 GDPR) e <u>alla limitazione<\/u> (ex art. 18 GDPR): al fine di chiedere al Titolare del trattamento la rettifica e la cancellazione dei Suoi dati personali e la limitazione del trattamento.<\/p>\n<p>11.3. <u>Diritto alla portabilit\u00e0<\/u> (ex art. 20 GDPR): al fine di ricevere in formato strutturato, di uso comune e leggibile da dispositivo automatico i dati personali che la riguardano forniti al Titolare del trattamento e ha il diritto di trasmettere tali dati ad altro titolare, purch\u00e9 tale operazione sia fattibile a livello tecnico.<\/p>\n<p>11.4. <u>Diritto di opposizione<\/u> (ex art. 21 GDPR): ai fine di opporsi al trattamento dei suoi dati.<\/p>\n<p>&nbsp;<\/p>\n<p>Per l\u2019esercizio dei diritti di cui al menzionato art. 13, par. 2, lett. b) ed e) GDPR, pu\u00f2 scrivere a <strong>Linea Colombo S.r.l.<\/strong>, Alzaia Naviglio Grande n. 150, 20144, Milano (MI), ovvero al seguente indirizzo di posta elettronica: <a href=\"mailto:info@versoverde.it\">info@versoverde.it<\/a> oppure contattare il Titolare al seguente numero di telefono 02. 36638980.<\/p>\n<p><strong>\u00a0<\/strong><\/p>\n<ol start=\"12\">\n<li><strong> Diritto di reclamo o di ricorso<\/strong><\/li>\n<\/ol>\n<p>Ai sensi dell\u2019art. 13, par. 2, lett. d) GDPR e dell\u2019art. 140 bis D.Lgs. n. 196\/2003, come modificato dal D.Lgs. n. 101\/2018, si rappresenta, inoltre, che qualora si ritenga che il trattamento dei dati violi il Regolamento europeo o il Codice in materia di protezione dei dati personali, pu\u00f2 essere proposto reclamo al Garante privacy, ex art. 77 GDPR o, in alternativa, ricorso all\u2019Autorit\u00e0 giudiziaria.<\/p>\n<p>&nbsp;<\/p>\n<ol start=\"13\">\n<li><strong> Consenso<\/strong><\/li>\n<\/ol>\n<p>Ai sensi degli artt. 6 e 7 del GDPR il consenso al trattamento dei dati personali \u00e8 necessario, per la finalit\u00e0 di cui all\u2019art. 3.1, lett. e) della presente Informativa.<\/p>\n<p>Il consenso \u00e8 revocabile in qualsiasi momento e senza indicazione dei motivi, inoltrando la dichiarazione di revoca al seguente indirizzo di posta elettronica: info@versoverde.it<\/p>\n<p>La revoca del consenso non pregiudica la liceit\u00e0 del trattamento basato sullo stesso prima della revoca.<\/p>\n<p>&nbsp;<\/p>\n<ol start=\"14\">\n<li><strong> Modifiche ed aggiornamenti<\/strong><\/li>\n<\/ol>\n<p>La presente informativa \u00e8 aggiornata alla data del 18 marzo 2022. Il Titolare potrebbe apportare modifiche e\/o integrazioni, quale conseguenza di successive modifiche e\/o integrazioni normative.<\/p>\n","protected":false},"excerpt":{"rendered":"<p>AI SENSI DELL\u2019ART. 13 REGOLAMENTO UE 2016\/679 Linea Colombo S.r.l. (di seguito la Societ\u00e0) (C.F.\u2013 P.IVA: 03326320961), con sede legale in Casatenovo (LC), 23880, via C. De Brambilla n. 27 e sede operativa Milano (MI), 20144, Alzaia Naviglio Grande n. 150, in qualit\u00e0 di Titolare del trattamento ex artt. 4, par. 1, n. 7) e [&hellip;]<\/p>\n","protected":false},"author":13,"featured_media":0,"parent":0,"menu_order":160,"comment_status":"closed","ping_status":"closed","template":"","meta":{"footnotes":""},"class_list":["post-679","page","type-page","status-publish","hentry"],"yoast_head":"<!-- This site is optimized with the Yoast SEO plugin v26.9 - https:\/\/yoast.com\/product\/yoast-seo-wordpress\/ -->\n<title>Politique de confidentialit\u00e9 &#8226; Verso Verde Milano &#8226;<\/title>\n<meta name=\"description\" content=\"AI SENSI DELL\u2019ART. 13 REGOLAMENTO UE 2016\/679 Linea Colombo S.r.l. (di seguito la Societ\u00e0) (C.F.\u2013 P.IVA: 03326320961), con sede legale in Casatenovo (LC), 23880, via C\" \/>\n<meta name=\"robots\" content=\"index, follow, max-snippet:-1, max-image-preview:large, max-video-preview:-1\" \/>\n<link rel=\"canonical\" href=\"https:\/\/www.versoverde.it\/fr\/politique-de-confidentialite-2\/\" \/>\n<meta property=\"og:locale\" content=\"fr_FR\" \/>\n<meta property=\"og:type\" content=\"article\" \/>\n<meta property=\"og:title\" content=\"Politique de confidentialit\u00e9 &#8226; Verso Verde Milano &#8226;\" \/>\n<meta property=\"og:description\" content=\"AI SENSI DELL\u2019ART. 13 REGOLAMENTO UE 2016\/679 Linea Colombo S.r.l. (di seguito la Societ\u00e0) (C.F.\u2013 P.IVA: 03326320961), con sede legale in Casatenovo (LC), 23880, via C\" \/>\n<meta property=\"og:url\" content=\"https:\/\/www.versoverde.it\/fr\/politique-de-confidentialite-2\/\" \/>\n<meta property=\"og:site_name\" content=\"Verso Verde Milano\" \/>\n<meta property=\"article:modified_time\" content=\"2022-05-02T13:44:49+00:00\" \/>\n<meta name=\"twitter:card\" content=\"summary_large_image\" \/>\n<meta name=\"twitter:label1\" content=\"Dur\u00e9e de lecture estim\u00e9e\" \/>\n\t<meta name=\"twitter:data1\" content=\"9 minutes\" \/>\n<script type=\"application\/ld+json\" class=\"yoast-schema-graph\">{\"@context\":\"https:\/\/schema.org\",\"@graph\":[{\"@type\":\"WebPage\",\"@id\":\"https:\/\/www.versoverde.it\/fr\/politique-de-confidentialite-2\/\",\"url\":\"https:\/\/www.versoverde.it\/fr\/politique-de-confidentialite-2\/\",\"name\":\"Politique de confidentialit\u00e9 &#8226; Verso Verde Milano &#8226;\",\"isPartOf\":{\"@id\":\"https:\/\/www.versoverde.it\/fr\/#website\"},\"datePublished\":\"2022-04-27T15:50:28+00:00\",\"dateModified\":\"2022-05-02T13:44:49+00:00\",\"description\":\"AI SENSI DELL\u2019ART. 13 REGOLAMENTO UE 2016\/679 Linea Colombo S.r.l. (di seguito la Societ\u00e0) (C.F.\u2013 P.IVA: 03326320961), con sede legale in Casatenovo (LC), 23880, via C\",\"breadcrumb\":{\"@id\":\"https:\/\/www.versoverde.it\/fr\/politique-de-confidentialite-2\/#breadcrumb\"},\"inLanguage\":\"fr-FR\",\"potentialAction\":[{\"@type\":\"ReadAction\",\"target\":[\"https:\/\/www.versoverde.it\/fr\/politique-de-confidentialite-2\/\"]}]},{\"@type\":\"BreadcrumbList\",\"@id\":\"https:\/\/www.versoverde.it\/fr\/politique-de-confidentialite-2\/#breadcrumb\",\"itemListElement\":[{\"@type\":\"ListItem\",\"position\":1,\"name\":\"Home\",\"item\":\"https:\/\/www.versoverde.it\/fr\/\"},{\"@type\":\"ListItem\",\"position\":2,\"name\":\"Politique de confidentialit\u00e9\"}]},{\"@type\":\"WebSite\",\"@id\":\"https:\/\/www.versoverde.it\/fr\/#website\",\"url\":\"https:\/\/www.versoverde.it\/fr\/\",\"name\":\"Verso Verde Milano\",\"description\":\"Ecco un altro sito ms.decms.eu\",\"potentialAction\":[{\"@type\":\"SearchAction\",\"target\":{\"@type\":\"EntryPoint\",\"urlTemplate\":\"https:\/\/www.versoverde.it\/fr\/?s={search_term_string}\"},\"query-input\":{\"@type\":\"PropertyValueSpecification\",\"valueRequired\":true,\"valueName\":\"search_term_string\"}}],\"inLanguage\":\"fr-FR\"}]}<\/script>\n<!-- \/ Yoast SEO plugin. -->","yoast_head_json":{"title":"Politique de confidentialit\u00e9 &#8226; Verso Verde Milano &#8226;","description":"AI SENSI DELL\u2019ART. 13 REGOLAMENTO UE 2016\/679 Linea Colombo S.r.l. (di seguito la Societ\u00e0) (C.F.\u2013 P.IVA: 03326320961), con sede legale in Casatenovo (LC), 23880, via C","robots":{"index":"index","follow":"follow","max-snippet":"max-snippet:-1","max-image-preview":"max-image-preview:large","max-video-preview":"max-video-preview:-1"},"canonical":"https:\/\/www.versoverde.it\/fr\/politique-de-confidentialite-2\/","og_locale":"fr_FR","og_type":"article","og_title":"Politique de confidentialit\u00e9 &#8226; Verso Verde Milano &#8226;","og_description":"AI SENSI DELL\u2019ART. 13 REGOLAMENTO UE 2016\/679 Linea Colombo S.r.l. (di seguito la Societ\u00e0) (C.F.\u2013 P.IVA: 03326320961), con sede legale in Casatenovo (LC), 23880, via C","og_url":"https:\/\/www.versoverde.it\/fr\/politique-de-confidentialite-2\/","og_site_name":"Verso Verde Milano","article_modified_time":"2022-05-02T13:44:49+00:00","twitter_card":"summary_large_image","twitter_misc":{"Dur\u00e9e de lecture estim\u00e9e":"9 minutes"},"schema":{"@context":"https:\/\/schema.org","@graph":[{"@type":"WebPage","@id":"https:\/\/www.versoverde.it\/fr\/politique-de-confidentialite-2\/","url":"https:\/\/www.versoverde.it\/fr\/politique-de-confidentialite-2\/","name":"Politique de confidentialit\u00e9 &#8226; Verso Verde Milano &#8226;","isPartOf":{"@id":"https:\/\/www.versoverde.it\/fr\/#website"},"datePublished":"2022-04-27T15:50:28+00:00","dateModified":"2022-05-02T13:44:49+00:00","description":"AI SENSI DELL\u2019ART. 13 REGOLAMENTO UE 2016\/679 Linea Colombo S.r.l. (di seguito la Societ\u00e0) (C.F.\u2013 P.IVA: 03326320961), con sede legale in Casatenovo (LC), 23880, via C","breadcrumb":{"@id":"https:\/\/www.versoverde.it\/fr\/politique-de-confidentialite-2\/#breadcrumb"},"inLanguage":"fr-FR","potentialAction":[{"@type":"ReadAction","target":["https:\/\/www.versoverde.it\/fr\/politique-de-confidentialite-2\/"]}]},{"@type":"BreadcrumbList","@id":"https:\/\/www.versoverde.it\/fr\/politique-de-confidentialite-2\/#breadcrumb","itemListElement":[{"@type":"ListItem","position":1,"name":"Home","item":"https:\/\/www.versoverde.it\/fr\/"},{"@type":"ListItem","position":2,"name":"Politique de confidentialit\u00e9"}]},{"@type":"WebSite","@id":"https:\/\/www.versoverde.it\/fr\/#website","url":"https:\/\/www.versoverde.it\/fr\/","name":"Verso Verde Milano","description":"Ecco un altro sito ms.decms.eu","potentialAction":[{"@type":"SearchAction","target":{"@type":"EntryPoint","urlTemplate":"https:\/\/www.versoverde.it\/fr\/?s={search_term_string}"},"query-input":{"@type":"PropertyValueSpecification","valueRequired":true,"valueName":"search_term_string"}}],"inLanguage":"fr-FR"}]}},"acf":[],"_links":{"self":[{"href":"https:\/\/www.versoverde.it\/fr\/wp-json\/wp\/v2\/pages\/679","targetHints":{"allow":["GET"]}}],"collection":[{"href":"https:\/\/www.versoverde.it\/fr\/wp-json\/wp\/v2\/pages"}],"about":[{"href":"https:\/\/www.versoverde.it\/fr\/wp-json\/wp\/v2\/types\/page"}],"author":[{"embeddable":true,"href":"https:\/\/www.versoverde.it\/fr\/wp-json\/wp\/v2\/users\/13"}],"replies":[{"embeddable":true,"href":"https:\/\/www.versoverde.it\/fr\/wp-json\/wp\/v2\/comments?post=679"}],"version-history":[{"count":0,"href":"https:\/\/www.versoverde.it\/fr\/wp-json\/wp\/v2\/pages\/679\/revisions"}],"wp:attachment":[{"href":"https:\/\/www.versoverde.it\/fr\/wp-json\/wp\/v2\/media?parent=679"}],"curies":[{"name":"wp","href":"https:\/\/api.w.org\/{rel}","templated":true}]}}