{"id":681,"date":"2022-04-28T09:27:35","date_gmt":"2022-04-28T07:27:35","guid":{"rendered":"https:\/\/www.versoverde.it\/?page_id=681"},"modified":"2022-04-28T09:27:35","modified_gmt":"2022-04-28T07:27:35","slug":"reservez-votre-prestation","status":"publish","type":"page","link":"https:\/\/www.versoverde.it\/fr\/reservez-votre-prestation\/","title":{"rendered":"R\u00e9servez votre prestation"},"content":{"rendered":"\n                <div class='gf_browser_gecko gform_wrapper' id='gform_wrapper_9' ><form method='post' enctype='multipart\/form-data'  id='gform_9'  action='\/fr\/wp-json\/wp\/v2\/pages\/681'>\n                        <div class='gform_body'><ul id='gform_fields_9' class='gform_fields top_label form_sublabel_below description_below'><li id='field_9_24'  class='gfield gfield_html gfield_html_formatted gfield_no_follows_desc field_sublabel_below field_description_below gfield_visibility_visible' ><strong><p style=\"color:#FF0000\";>Tous les services sont sous r\u00e9serve de disponibilit\u00e9 et de confirmation par l'h\u00f4tel.<\/p><\/strong><\/li><li id='field_9_1'  class='gfield gfield_contains_required field_sublabel_below field_description_below gfield_visibility_visible' ><label class='gfield_label gfield_label_before_complex'  >Nom et surnom<span class='gfield_required'>*<\/span><\/label><div class='ginput_complex ginput_container no_prefix has_first_name no_middle_name has_last_name no_suffix gf_name_has_2 ginput_container_name' id='input_9_1'>\n                            \n                            <span id='input_9_1_3_container' class='name_first' >\n                                                    <input type='text' name='input_1.3' id='input_9_1_3' value='' aria-label='First name'   aria-required=\"true\" aria-invalid=\"false\" \/>\n                                                    <label for='input_9_1_3' >Nom<\/label>\n                                                <\/span>\n                            \n                            <span id='input_9_1_6_container' class='name_last' >\n                                                    <input type='text' name='input_1.6' id='input_9_1_6' value='' aria-label='Last name'   aria-required=\"true\" aria-invalid=\"false\" \/>\n                                                    <label for='input_9_1_6' >Surnom<\/label>\n                                                <\/span>\n                            \n                        <\/div><\/li><li id='field_9_3'  class='gfield gfield_contains_required field_sublabel_below field_description_below gfield_visibility_visible' ><label class='gfield_label' for='input_9_3' >Email<span class='gfield_required'>*<\/span><\/label><div class='ginput_container ginput_container_email'>\n                            <input name='input_3' id='input_9_3' type='text' value='' class='medium'    aria-required=\"true\" aria-invalid=\"false\" \/>\n                        <\/div><\/li><li id='field_9_2'  class='gfield gfield_contains_required field_sublabel_below field_description_below gfield_visibility_visible' ><label class='gfield_label' for='input_9_2' >Num\u00e9ro de t\u00e9l\u00e9phone<span class='gfield_required'>*<\/span><\/label><div class='ginput_container ginput_container_phone'><input name='input_2' id='input_9_2' type='text' value='' class='medium'   aria-required=\"true\" aria-invalid=\"false\"  \/><\/div><\/li><li id='field_9_13'  class='gfield gfield_contains_required field_sublabel_below field_description_below gfield_visibility_visible' ><label class='gfield_label'  >S\u00e9lectionnez un ou plusieurs services<span class='gfield_required'>*<\/span><\/label><div class='ginput_container ginput_container_checkbox'><ul class='gfield_checkbox' id='input_9_13'><li class='gchoice_9_13_1'>\n\t\t\t\t\t\t\t\t<input name='input_13.1' type='checkbox'  value='Location de v\u00e9los'  id='choice_9_13_1'   \/>\n\t\t\t\t\t\t\t\t<label for='choice_9_13_1' id='label_9_13_1'>Location de v\u00e9los<\/label>\n\t\t\t\t\t\t\t<\/li><li class='gchoice_9_13_2'>\n\t\t\t\t\t\t\t\t<input name='input_13.2' type='checkbox'  value='R\u00e9server la navigation du Naviglio'  id='choice_9_13_2'   \/>\n\t\t\t\t\t\t\t\t<label for='choice_9_13_2' id='label_9_13_2'>R\u00e9server la navigation du Naviglio<\/label>\n\t\t\t\t\t\t\t<\/li><\/ul><\/div><\/li><li id='field_9_22'  class='gfield field_sublabel_below field_description_below gfield_visibility_visible' ><label class='gfield_label' for='input_9_22' >Nombre de personnes<\/label><div class='ginput_container ginput_container_select'><select name='input_22' id='input_9_22' class='medium gfield_select'    aria-invalid=\"false\"><option value='1 personne' >1 personne<\/option><option value='2 personnes' >2 personnes<\/option><option value='3 personnes' >3 personnes<\/option><option value='4 personnes' >4 personnes<\/option><\/select><\/div><\/li><li id='field_9_6'  class='gfield gfield_contains_required field_sublabel_below field_description_below gfield_visibility_visible' ><label class='gfield_label' for='input_9_6' >Date demand\u00e9e<span class='gfield_required'>*<\/span><\/label><div class='ginput_container ginput_container_date'>\n                            <input name='input_6' id='input_9_6' type='text' value='' class='datepicker medium mdy datepicker_no_icon'    aria-describedby='input_9_6_date_format' \/>\n                            <span id='input_9_6_date_format' class='screen-reader-text'>Date Format: MM slash JJ slash AAAA<\/span>\n                        <\/div>\n                        <input type='hidden' id='gforms_calendar_icon_input_9_6' class='gform_hidden' value='https:\/\/www.versoverde.it\/wp-content\/plugins\/gravityforms\/images\/calendar.png'\/><\/li><li id='field_9_23'  class='gfield field_sublabel_below field_description_below gfield_visibility_visible' ><label class='gfield_label gfield_label_before_complex'  >Temps requis<\/label><div class='clear-multi'>\n                        <div class='gfield_time_hour ginput_container ginput_container_time' id='input_9_23'>\n                            <input type='text' maxlength='2' name='input_23[]' id='input_9_23_1' value=''    \/> <i>:<\/i>\n                            <label for='input_9_23_1' >Heure<\/label>\n                        <\/div>\n                        <div class='gfield_time_minute ginput_container ginput_container_time'>\n                            <input type='text' maxlength='2' name='input_23[]' id='input_9_23_2' value=''    \/>\n                            <label for='input_9_23_2' >Minutes<\/label>\n                        <\/div>\n                        <div class='gfield_time_ampm ginput_container ginput_container_time' >\n                                \n                                <select name='input_23[]' id='input_9_23_3'   aria-label='AM\/PM'>\n                                    <option value='am' >AM<\/option>\n                                    <option value='pm' >PM<\/option>\n                                <\/select>\n                           <\/div>\n                    <\/div><\/li><li id='field_9_11'  class='gfield field_sublabel_below field_description_below gfield_visibility_visible' ><label class='gfield_label' for='input_9_11' >Message<\/label><div class='ginput_container ginput_container_textarea'><textarea name='input_11' id='input_9_11' class='textarea medium'      aria-invalid=\"false\"   rows='10' cols='50'><\/textarea><\/div><\/li><li id='field_9_16'  class='gfield gfield_contains_required field_sublabel_below field_description_below gfield_visibility_visible' ><label class='gfield_label'  >Consent<span class='gfield_required'>*<\/span><\/label><div class='ginput_container ginput_container_checkbox'><ul class='gfield_checkbox' id='input_9_16'><li class='gchoice_9_16_1'>\n\t\t\t\t\t\t\t\t<input name='input_16.1' type='checkbox'  value='Je d\u00e9clare avoir lu et compris les &lt;a href=&quot;\/privacy-policy&quot; target=&quot;_blank&quot;&gt;informations conform\u00e9ment \u00e0 l&#039;art. 13 GDPR&lt;\/a&gt; et j&#039;autorise le traitement de mes donn\u00e9es.'  id='choice_9_16_1'   \/>\n\t\t\t\t\t\t\t\t<label for='choice_9_16_1' id='label_9_16_1'>Je d\u00e9clare avoir lu et compris les <a href=\"\/privacy-policy\" target=\"_blank\">informations conform\u00e9ment \u00e0 l'art. 13 GDPR<\/a> et j'autorise le traitement de mes donn\u00e9es.<\/label>\n\t\t\t\t\t\t\t<\/li><\/ul><\/div><\/li><li id='field_9_14'  class='gfield gfield_html gfield_html_formatted gfield_no_follows_desc field_sublabel_below field_description_below gfield_visibility_visible' ><p style=\"color:#FF0000\";>* les champs marqu\u00e9s d'un ast\u00e9risque sont obligatoires<\/p><\/li><li id='field_9_8'  class='gfield field_sublabel_below field_description_below gfield_visibility_visible' ><label class='gfield_label' for='input_9_8' >CAPTCHA<\/label><div id='input_9_8' class='ginput_container ginput_recaptcha' data-sitekey='6Ldu0W4fAAAAAN077QjoewPY3KYgzP31lxRyV6tv'  data-theme='light' data-tabindex='0'  data-badge=''><\/div><\/li>\n                            <\/ul><\/div>\n        <div class='gform_footer top_label'> <input type='submit' id='gform_submit_button_9' class='gform_button button' value='Invia'  onclick='if(window[\"gf_submitting_9\"]){return false;}  window[\"gf_submitting_9\"]=true;  ' onkeypress='if( event.keyCode == 13 ){ if(window[\"gf_submitting_9\"]){return false;} window[\"gf_submitting_9\"]=true;  jQuery(\"#gform_9\").trigger(\"submit\",[true]); }' \/> \n            <input type='hidden' class='gform_hidden' name='is_submit_9' value='1' \/>\n            <input type='hidden' class='gform_hidden' name='gform_submit' value='9' \/>\n            \n            <input type='hidden' class='gform_hidden' name='gform_unique_id' value='' \/>\n            <input type='hidden' class='gform_hidden' name='state_9' value='WyJbXSIsIjMzYmYyMWNkYTJhNzA4YTM1YzdlNzFmY2RiNzcyYTQwIl0=' \/>\n            <input type='hidden' class='gform_hidden' name='gform_target_page_number_9' id='gform_target_page_number_9' value='0' \/>\n            <input type='hidden' class='gform_hidden' name='gform_source_page_number_9' id='gform_source_page_number_9' value='1' \/>\n            <input type='hidden' name='gform_field_values' value='' \/>\n            \n        <\/div>\n                        <\/form>\n                        <\/div>\n","protected":false},"excerpt":{"rendered":"","protected":false},"author":13,"featured_media":0,"parent":0,"menu_order":900,"comment_status":"closed","ping_status":"closed","template":"template-form.php","meta":{"footnotes":""},"class_list":["post-681","page","type-page","status-publish","hentry"],"yoast_head":"<!-- This site is optimized with the Yoast SEO plugin v26.9 - https:\/\/yoast.com\/product\/yoast-seo-wordpress\/ -->\n<title>R\u00e9servez votre prestation &#8226; Verso Verde Milano &#8226;<\/title>\n<meta name=\"description\" content=\"[gravityform id=&quot;9&quot; title=&quot;false&quot; description=&quot;false&quot;].\" \/>\n<meta name=\"robots\" content=\"index, follow, max-snippet:-1, max-image-preview:large, max-video-preview:-1\" \/>\n<link rel=\"canonical\" href=\"https:\/\/www.versoverde.it\/fr\/reservez-votre-prestation\/\" \/>\n<meta property=\"og:locale\" content=\"fr_FR\" \/>\n<meta property=\"og:type\" content=\"article\" \/>\n<meta property=\"og:title\" content=\"R\u00e9servez votre prestation &#8226; Verso Verde Milano &#8226;\" \/>\n<meta property=\"og:description\" content=\"[gravityform id=&quot;9&quot; title=&quot;false&quot; description=&quot;false&quot;].\" \/>\n<meta property=\"og:url\" content=\"https:\/\/www.versoverde.it\/fr\/reservez-votre-prestation\/\" \/>\n<meta property=\"og:site_name\" content=\"Verso Verde Milano\" \/>\n<meta name=\"twitter:card\" content=\"summary_large_image\" \/>\n<script type=\"application\/ld+json\" class=\"yoast-schema-graph\">{\"@context\":\"https:\/\/schema.org\",\"@graph\":[{\"@type\":\"WebPage\",\"@id\":\"https:\/\/www.versoverde.it\/fr\/reservez-votre-prestation\/\",\"url\":\"https:\/\/www.versoverde.it\/fr\/reservez-votre-prestation\/\",\"name\":\"R\u00e9servez votre prestation &#8226; Verso Verde Milano &#8226;\",\"isPartOf\":{\"@id\":\"https:\/\/www.versoverde.it\/fr\/#website\"},\"datePublished\":\"2022-04-28T07:27:35+00:00\",\"description\":\"[gravityform id=\\\"9\\\" title=\\\"false\\\" description=\\\"false\\\"].\",\"breadcrumb\":{\"@id\":\"https:\/\/www.versoverde.it\/fr\/reservez-votre-prestation\/#breadcrumb\"},\"inLanguage\":\"fr-FR\",\"potentialAction\":[{\"@type\":\"ReadAction\",\"target\":[\"https:\/\/www.versoverde.it\/fr\/reservez-votre-prestation\/\"]}]},{\"@type\":\"BreadcrumbList\",\"@id\":\"https:\/\/www.versoverde.it\/fr\/reservez-votre-prestation\/#breadcrumb\",\"itemListElement\":[{\"@type\":\"ListItem\",\"position\":1,\"name\":\"Home\",\"item\":\"https:\/\/www.versoverde.it\/fr\/\"},{\"@type\":\"ListItem\",\"position\":2,\"name\":\"R\u00e9servez votre prestation\"}]},{\"@type\":\"WebSite\",\"@id\":\"https:\/\/www.versoverde.it\/fr\/#website\",\"url\":\"https:\/\/www.versoverde.it\/fr\/\",\"name\":\"Verso Verde Milano\",\"description\":\"Ecco un altro sito ms.decms.eu\",\"potentialAction\":[{\"@type\":\"SearchAction\",\"target\":{\"@type\":\"EntryPoint\",\"urlTemplate\":\"https:\/\/www.versoverde.it\/fr\/?s={search_term_string}\"},\"query-input\":{\"@type\":\"PropertyValueSpecification\",\"valueRequired\":true,\"valueName\":\"search_term_string\"}}],\"inLanguage\":\"fr-FR\"}]}<\/script>\n<!-- \/ Yoast SEO plugin. -->","yoast_head_json":{"title":"R\u00e9servez votre prestation &#8226; Verso Verde Milano &#8226;","description":"[gravityform id=\"9\" title=\"false\" description=\"false\"].","robots":{"index":"index","follow":"follow","max-snippet":"max-snippet:-1","max-image-preview":"max-image-preview:large","max-video-preview":"max-video-preview:-1"},"canonical":"https:\/\/www.versoverde.it\/fr\/reservez-votre-prestation\/","og_locale":"fr_FR","og_type":"article","og_title":"R\u00e9servez votre prestation &#8226; Verso Verde Milano &#8226;","og_description":"[gravityform id=\"9\" title=\"false\" description=\"false\"].","og_url":"https:\/\/www.versoverde.it\/fr\/reservez-votre-prestation\/","og_site_name":"Verso Verde Milano","twitter_card":"summary_large_image","schema":{"@context":"https:\/\/schema.org","@graph":[{"@type":"WebPage","@id":"https:\/\/www.versoverde.it\/fr\/reservez-votre-prestation\/","url":"https:\/\/www.versoverde.it\/fr\/reservez-votre-prestation\/","name":"R\u00e9servez votre prestation &#8226; Verso Verde Milano &#8226;","isPartOf":{"@id":"https:\/\/www.versoverde.it\/fr\/#website"},"datePublished":"2022-04-28T07:27:35+00:00","description":"[gravityform id=\"9\" title=\"false\" description=\"false\"].","breadcrumb":{"@id":"https:\/\/www.versoverde.it\/fr\/reservez-votre-prestation\/#breadcrumb"},"inLanguage":"fr-FR","potentialAction":[{"@type":"ReadAction","target":["https:\/\/www.versoverde.it\/fr\/reservez-votre-prestation\/"]}]},{"@type":"BreadcrumbList","@id":"https:\/\/www.versoverde.it\/fr\/reservez-votre-prestation\/#breadcrumb","itemListElement":[{"@type":"ListItem","position":1,"name":"Home","item":"https:\/\/www.versoverde.it\/fr\/"},{"@type":"ListItem","position":2,"name":"R\u00e9servez votre prestation"}]},{"@type":"WebSite","@id":"https:\/\/www.versoverde.it\/fr\/#website","url":"https:\/\/www.versoverde.it\/fr\/","name":"Verso Verde Milano","description":"Ecco un altro sito ms.decms.eu","potentialAction":[{"@type":"SearchAction","target":{"@type":"EntryPoint","urlTemplate":"https:\/\/www.versoverde.it\/fr\/?s={search_term_string}"},"query-input":{"@type":"PropertyValueSpecification","valueRequired":true,"valueName":"search_term_string"}}],"inLanguage":"fr-FR"}]}},"acf":[],"_links":{"self":[{"href":"https:\/\/www.versoverde.it\/fr\/wp-json\/wp\/v2\/pages\/681","targetHints":{"allow":["GET"]}}],"collection":[{"href":"https:\/\/www.versoverde.it\/fr\/wp-json\/wp\/v2\/pages"}],"about":[{"href":"https:\/\/www.versoverde.it\/fr\/wp-json\/wp\/v2\/types\/page"}],"author":[{"embeddable":true,"href":"https:\/\/www.versoverde.it\/fr\/wp-json\/wp\/v2\/users\/13"}],"replies":[{"embeddable":true,"href":"https:\/\/www.versoverde.it\/fr\/wp-json\/wp\/v2\/comments?post=681"}],"version-history":[{"count":0,"href":"https:\/\/www.versoverde.it\/fr\/wp-json\/wp\/v2\/pages\/681\/revisions"}],"wp:attachment":[{"href":"https:\/\/www.versoverde.it\/fr\/wp-json\/wp\/v2\/media?parent=681"}],"curies":[{"name":"wp","href":"https:\/\/api.w.org\/{rel}","templated":true}]}}