{"id":744,"date":"2022-05-16T11:46:54","date_gmt":"2022-05-16T09:46:54","guid":{"rendered":"https:\/\/www.versoverde.it\/?page_id=744"},"modified":"2022-05-16T11:46:54","modified_gmt":"2022-05-16T09:46:54","slug":"tram-n-2","status":"publish","type":"page","link":"https:\/\/www.versoverde.it\/fr\/comment-nous-joindre\/tram-n-2\/","title":{"rendered":"Tram n. 2"},"content":{"rendered":"<p style=\"text-align: center;\">Le tramway n. 2 est le moyen le plus confortable et le plus spectaculaire d&rsquo;atteindre VersoVerde, en profitant des vues suggestives d&rsquo;un chemin unique entre \u00e9glises et monuments.<\/p>\n<p style=\"text-align: center;\">L&rsquo;arr\u00eat le plus proche est via Pestalozzi, d\u00e9couvrez tout l&rsquo;itin\u00e9raire ci-dessus.<\/p>\n","protected":false},"excerpt":{"rendered":"<p>Le tramway n. 2 est le moyen le plus confortable et le plus spectaculaire d&rsquo;atteindre VersoVerde, en profitant des vues suggestives d&rsquo;un chemin unique entre \u00e9glises et monuments. L&rsquo;arr\u00eat le plus proche est via Pestalozzi, d\u00e9couvrez tout l&rsquo;itin\u00e9raire ci-dessus.<\/p>\n","protected":false},"author":13,"featured_media":0,"parent":652,"menu_order":10,"comment_status":"closed","ping_status":"closed","template":"","meta":{"footnotes":""},"class_list":["post-744","page","type-page","status-publish","hentry"],"yoast_head":"<!-- This site is optimized with the Yoast SEO plugin v26.9 - https:\/\/yoast.com\/product\/yoast-seo-wordpress\/ -->\n<title>Tram n. 2 &#8226; Verso Verde Milano &#8226;<\/title>\n<meta name=\"description\" content=\"Le tramway n. 2 est le moyen le plus confortable et le plus spectaculaire d&#039;atteindre VersoVerde, en profitant des vues suggestives d&#039;un chemin unique entre \u00e9glises et monuments. L&#039;arr\u00eat le plus proche est via Pestalozzi, d\u00e9couvrez tout l&#039;itin\u00e9raire ci-dessus.\" \/>\n<meta name=\"robots\" content=\"index, follow, max-snippet:-1, max-image-preview:large, max-video-preview:-1\" \/>\n<link rel=\"canonical\" href=\"https:\/\/www.versoverde.it\/fr\/comment-nous-joindre\/tram-n-2\/\" \/>\n<meta property=\"og:locale\" content=\"fr_FR\" \/>\n<meta property=\"og:type\" content=\"article\" \/>\n<meta property=\"og:title\" content=\"Tram n. 2 &#8226; Verso Verde Milano &#8226;\" \/>\n<meta property=\"og:description\" content=\"Le tramway n. 2 est le moyen le plus confortable et le plus spectaculaire d&#039;atteindre VersoVerde, en profitant des vues suggestives d&#039;un chemin unique entre \u00e9glises et monuments. L&#039;arr\u00eat le plus proche est via Pestalozzi, d\u00e9couvrez tout l&#039;itin\u00e9raire ci-dessus.\" \/>\n<meta property=\"og:url\" content=\"https:\/\/www.versoverde.it\/fr\/comment-nous-joindre\/tram-n-2\/\" \/>\n<meta property=\"og:site_name\" content=\"Verso Verde Milano\" \/>\n<meta name=\"twitter:card\" content=\"summary_large_image\" \/>\n<script type=\"application\/ld+json\" class=\"yoast-schema-graph\">{\"@context\":\"https:\/\/schema.org\",\"@graph\":[{\"@type\":\"WebPage\",\"@id\":\"https:\/\/www.versoverde.it\/fr\/comment-nous-joindre\/tram-n-2\/\",\"url\":\"https:\/\/www.versoverde.it\/fr\/comment-nous-joindre\/tram-n-2\/\",\"name\":\"Tram n. 2 &#8226; Verso Verde Milano &#8226;\",\"isPartOf\":{\"@id\":\"https:\/\/www.versoverde.it\/fr\/#website\"},\"datePublished\":\"2022-05-16T09:46:54+00:00\",\"description\":\"Le tramway n. 2 est le moyen le plus confortable et le plus spectaculaire d'atteindre VersoVerde, en profitant des vues suggestives d'un chemin unique entre \u00e9glises et monuments. L'arr\u00eat le plus proche est via Pestalozzi, d\u00e9couvrez tout l'itin\u00e9raire ci-dessus.\",\"breadcrumb\":{\"@id\":\"https:\/\/www.versoverde.it\/fr\/comment-nous-joindre\/tram-n-2\/#breadcrumb\"},\"inLanguage\":\"fr-FR\",\"potentialAction\":[{\"@type\":\"ReadAction\",\"target\":[\"https:\/\/www.versoverde.it\/fr\/comment-nous-joindre\/tram-n-2\/\"]}]},{\"@type\":\"BreadcrumbList\",\"@id\":\"https:\/\/www.versoverde.it\/fr\/comment-nous-joindre\/tram-n-2\/#breadcrumb\",\"itemListElement\":[{\"@type\":\"ListItem\",\"position\":1,\"name\":\"Home\",\"item\":\"https:\/\/www.versoverde.it\/fr\/\"},{\"@type\":\"ListItem\",\"position\":2,\"name\":\"Comment nous joindre\",\"item\":\"https:\/\/www.versoverde.it\/fr\/comment-nous-joindre\/\"},{\"@type\":\"ListItem\",\"position\":3,\"name\":\"Tram n. 2\"}]},{\"@type\":\"WebSite\",\"@id\":\"https:\/\/www.versoverde.it\/fr\/#website\",\"url\":\"https:\/\/www.versoverde.it\/fr\/\",\"name\":\"Verso Verde Milano\",\"description\":\"Ecco un altro sito ms.decms.eu\",\"potentialAction\":[{\"@type\":\"SearchAction\",\"target\":{\"@type\":\"EntryPoint\",\"urlTemplate\":\"https:\/\/www.versoverde.it\/fr\/?s={search_term_string}\"},\"query-input\":{\"@type\":\"PropertyValueSpecification\",\"valueRequired\":true,\"valueName\":\"search_term_string\"}}],\"inLanguage\":\"fr-FR\"}]}<\/script>\n<!-- \/ Yoast SEO plugin. -->","yoast_head_json":{"title":"Tram n. 2 &#8226; Verso Verde Milano &#8226;","description":"Le tramway n. 2 est le moyen le plus confortable et le plus spectaculaire d'atteindre VersoVerde, en profitant des vues suggestives d'un chemin unique entre \u00e9glises et monuments. L'arr\u00eat le plus proche est via Pestalozzi, d\u00e9couvrez tout l'itin\u00e9raire ci-dessus.","robots":{"index":"index","follow":"follow","max-snippet":"max-snippet:-1","max-image-preview":"max-image-preview:large","max-video-preview":"max-video-preview:-1"},"canonical":"https:\/\/www.versoverde.it\/fr\/comment-nous-joindre\/tram-n-2\/","og_locale":"fr_FR","og_type":"article","og_title":"Tram n. 2 &#8226; Verso Verde Milano &#8226;","og_description":"Le tramway n. 2 est le moyen le plus confortable et le plus spectaculaire d'atteindre VersoVerde, en profitant des vues suggestives d'un chemin unique entre \u00e9glises et monuments. L'arr\u00eat le plus proche est via Pestalozzi, d\u00e9couvrez tout l'itin\u00e9raire ci-dessus.","og_url":"https:\/\/www.versoverde.it\/fr\/comment-nous-joindre\/tram-n-2\/","og_site_name":"Verso Verde Milano","twitter_card":"summary_large_image","schema":{"@context":"https:\/\/schema.org","@graph":[{"@type":"WebPage","@id":"https:\/\/www.versoverde.it\/fr\/comment-nous-joindre\/tram-n-2\/","url":"https:\/\/www.versoverde.it\/fr\/comment-nous-joindre\/tram-n-2\/","name":"Tram n. 2 &#8226; Verso Verde Milano &#8226;","isPartOf":{"@id":"https:\/\/www.versoverde.it\/fr\/#website"},"datePublished":"2022-05-16T09:46:54+00:00","description":"Le tramway n. 2 est le moyen le plus confortable et le plus spectaculaire d'atteindre VersoVerde, en profitant des vues suggestives d'un chemin unique entre \u00e9glises et monuments. L'arr\u00eat le plus proche est via Pestalozzi, d\u00e9couvrez tout l'itin\u00e9raire ci-dessus.","breadcrumb":{"@id":"https:\/\/www.versoverde.it\/fr\/comment-nous-joindre\/tram-n-2\/#breadcrumb"},"inLanguage":"fr-FR","potentialAction":[{"@type":"ReadAction","target":["https:\/\/www.versoverde.it\/fr\/comment-nous-joindre\/tram-n-2\/"]}]},{"@type":"BreadcrumbList","@id":"https:\/\/www.versoverde.it\/fr\/comment-nous-joindre\/tram-n-2\/#breadcrumb","itemListElement":[{"@type":"ListItem","position":1,"name":"Home","item":"https:\/\/www.versoverde.it\/fr\/"},{"@type":"ListItem","position":2,"name":"Comment nous joindre","item":"https:\/\/www.versoverde.it\/fr\/comment-nous-joindre\/"},{"@type":"ListItem","position":3,"name":"Tram n. 2"}]},{"@type":"WebSite","@id":"https:\/\/www.versoverde.it\/fr\/#website","url":"https:\/\/www.versoverde.it\/fr\/","name":"Verso Verde Milano","description":"Ecco un altro sito ms.decms.eu","potentialAction":[{"@type":"SearchAction","target":{"@type":"EntryPoint","urlTemplate":"https:\/\/www.versoverde.it\/fr\/?s={search_term_string}"},"query-input":{"@type":"PropertyValueSpecification","valueRequired":true,"valueName":"search_term_string"}}],"inLanguage":"fr-FR"}]}},"acf":[],"_links":{"self":[{"href":"https:\/\/www.versoverde.it\/fr\/wp-json\/wp\/v2\/pages\/744","targetHints":{"allow":["GET"]}}],"collection":[{"href":"https:\/\/www.versoverde.it\/fr\/wp-json\/wp\/v2\/pages"}],"about":[{"href":"https:\/\/www.versoverde.it\/fr\/wp-json\/wp\/v2\/types\/page"}],"author":[{"embeddable":true,"href":"https:\/\/www.versoverde.it\/fr\/wp-json\/wp\/v2\/users\/13"}],"replies":[{"embeddable":true,"href":"https:\/\/www.versoverde.it\/fr\/wp-json\/wp\/v2\/comments?post=744"}],"version-history":[{"count":0,"href":"https:\/\/www.versoverde.it\/fr\/wp-json\/wp\/v2\/pages\/744\/revisions"}],"up":[{"embeddable":true,"href":"https:\/\/www.versoverde.it\/fr\/wp-json\/wp\/v2\/pages\/652"}],"wp:attachment":[{"href":"https:\/\/www.versoverde.it\/fr\/wp-json\/wp\/v2\/media?parent=744"}],"curies":[{"name":"wp","href":"https:\/\/api.w.org\/{rel}","templated":true}]}}